{"id":11,"date":"2023-05-22T15:14:06","date_gmt":"2023-05-22T13:14:06","guid":{"rendered":"https:\/\/stega-tisak.hr\/?page_id=11"},"modified":"2024-02-29T15:12:01","modified_gmt":"2024-02-29T14:12:01","slug":"politika-zastite-osobnih-podataka","status":"publish","type":"page","link":"https:\/\/stega-tisak.hr\/de\/politika-zastite-osobnih-podataka\/","title":{"rendered":"POLITIKA ZA\u0160TITE OSOBNIH PODATAKA DRU\u0160TVA STEGA TISAK d.o.o."},"content":{"rendered":"\n<div style=\"height:50px\" aria-hidden=\"true\" class=\"wp-block-spacer\"><\/div>\n\n<h1 class=\"wp-block-heading\">POLITIKA ZA\u0160TITE OSOBNIH PODATAKA DRU\u0160TVA STEGA TISAK d.o.o.<\/h1>\n\n<p>Mi u dru\u0161tvo STEGA TISAK d.o.o. (u daljnjem tekstu: \u201eDru\u0161tvo\u201c) za\u0161titu Va\u0161ih osobnih podataka shva\u0107amo vrlo ozbiljno i postupamo u skladu s Uredbom EU) 2016\/679 Europskog parlamenta i Vije\u0107a od 27. travnja 2016. o za\u0161titi pojedinaca u vezi s obradom osobnih podataka i o slobodnom kretanju takvih podataka te o stavljanju izvan snage Direktive 95\/46\/EZ (u daljnjem tekstu: \u201eUredba\u201c) i drugim primjenjivim propisima.<\/p>\n\n<h2 class=\"wp-block-heading\">I. TEMELJNE ODREDBE: OPSEG I CILJ<\/h2>\n\n<p>Za\u0161tita podataka zauzima zna\u010dajno mjesto u poslovanju Dru\u0161tva koje u svom svakodnevnom poslovanju prikuplja i obra\u0111uje osobne podatke klijenata, zaposlenika, poslovnih partnera ili drugih osoba s kojima ostvaruje poslovnu suradnju (u daljnjem tekstu: \u201eispitanici\u201c).<\/p>\n\n<p>Politika za\u0161tite osobnih podataka (u daljnjem tekstu: \u201ePolitika\u201c) je temeljni akt koji opisuje svrhu i ciljeve prikupljanja, obrade i upravljanja osobnim podacima unutar Dru\u0161tva, a koji osigurava adekvatnu razinu za\u0161tite podataka u skladu s Uredbom i drugim primjenjivim va\u017ee\u0107im zakonima vezanim uz za\u0161titu osobnih podataka<\/p>\n\n<p>Politika se primjenjuje na sve obrade osobnih podataka unutar Dru\u0161tva, osim u slu\u010dajevima gdje se obra\u0111uju anonimizirani podaci ili su obrade takve prirode da se radi o statisti\u010dkim analizama iz kojih nije mogu\u0107e identificirati pojedinca.<\/p>\n\n<h2 class=\"wp-block-heading\">II. PRIKUPLJANJE I OBRADA<\/h2>\n\n<p>Osobni podatak je svaki podatak kojim se utvr\u0111uje ili mo\u017ee utvrditi Va\u0161 identitet, npr. ime I prezime, adresa prebivali\u0161ta, e-mail adresa, itd.<\/p>\n\n<p>Ovisno o svrsi upotrebe podataka, pravna osnova za obradu va\u0161ih podataka mo\u017ee biti:<\/p>\n\n<ul class=\"wp-block-list\">\n<li>Va\u0161a <strong>suglasnost<\/strong>;<\/li>\n\n\n\n<li>Na\u0161 legitimni interes koji mo\u017ee biti:\n<ul class=\"wp-block-list\">\n<li>Pobolj\u0161anje na\u0161ih proizvoda i usluga: to\u010dnije, na\u0161i poslovni interesi koji nam poma\u017eu bolje razumjeti va\u0161e potrebe i o\u010dekivanja, a samim time i pobolj\u0161ati usluge, web-mjesta, proizvode i brendove u korist potro\u0161a\u010da.<\/li>\n\n\n\n<li>Spre\u010davanje prevare: provjera potpunosti pla\u0107anja te izostanka prevare i pronevjere.<\/li>\n\n\n\n<li>Osiguranje alata: odr\u017eavanje alata kojima se koristite (web-stranice) sigurnima za upotrebu i ispravnima te osiguravanje njihovog neprekidnog pobolj\u0161anja.<\/li>\n<\/ul>\n<\/li>\n\n\n\n<li><strong>Izvr\u0161enje ugovora<\/strong>: to\u010dnije, izvr\u0161enje usluga koje ste zatra\u017eili;<\/li>\n\n\n\n<li><strong>Pravne osnove<\/strong> koje zakonom zahtijevaju obradu.<\/li>\n<\/ul>\n\n<p>Kako bi Dru\u0161tvo bilo u mogu\u0107nosti pru\u017eiti uslugu ispitaniku-klijentu, poslovnom partneru, potrebno je obra\u0111ivati minimalan set podataka neophodan za kvalitetno pru\u017eanje pojedine usluge. U suprotnom, odnosno ako ispitanik odbije ustupiti tra\u017eeni set podataka, Dru\u0161tvo ne\u0107e biti u mogu\u0107nosti pru\u017eiti mu uslugu.<\/p>\n\n<p>Informacije prikupljene u tijeku transakcije mogu se upotrebljavati za kontaktiranje s vama da biste dovr\u0161ili narud\u017ebu, a niste dovr\u0161ili transakciju, slanje obavijesti o dostupnosti proizvoda \/ usluge kojeg ste \u017eeljeli kupiti, obradu i pra\u0107enje narud\u017ebe, uklju\u010duju\u0107i dostavu proizvoda na navedenu adresu,\u00b7upravljanje pla\u0107anjem narud\u017ebe, upravljanje kontaktiranjem s nama u vezi s narud\u017ebom &#8211; <strong>izvr\u0161enje ugovora: za pru\u017eanje usluge koju ste zatra\u017eili (kupnja)<\/strong>, za\u0161titu transakcije od prevare (napominjemo da upotrebljavamo rje\u0161enja tre\u0107ih pru\u017eatelja usluga za utvr\u0111ivanje prevare i osiguravanje da je pla\u0107anje potpuno i da ste ga izvr\u0161ili vi ili osoba kojoj ste dali ovlasti za pla\u0107anje), mjerenje zadovoljstva, upravljanje nesuglasicama u vezi kupnje,u statisti\u010dke svrhe &#8211; <strong>legitimni interes: za za\u0161titu od malverzacije i osiguravanje da je pla\u0107anje potpuno i izvr\u0161eno bez prevare i pronevjere.<\/strong><\/p>\n\n<p>Dru\u0161tvo na svojim web stranicama omogu\u0107uje postavljanje pitanja Dru\u0161tvu i ispunjavanje ankete o kvaliteti pru\u017eanja usluga Dru\u0161tva s time da ispitanik mo\u017ee poslati ispunjeni obrazac pitanja \/ankete tek nakon \u0161to je ozna\u010divanjem za to predvi\u0111ene ku\u0107ice dao svoj izri\u010dit i slobodan pristanak na prikupljanje, pohranu, kori\u0161tenje pru\u017eenih osobnih podataka i provo\u0111enje drugih aktivnosti obrade, a u svrhu pru\u017eanja odgovora na postavljeno pitanje odnosno ispitivanja zadovoljstva ispitanika-klijenata, poslovnih partnera, u pogledu kvalitete pru\u017eanja usluga od strane Dru\u0161tva.<\/p>\n\n<p>Ako \u017eelite postati dio stru\u010dnog tima Dru\u0161tva, zamolit \u0107emo Vas da, prije nego \u0161to dostavite svoj \u017eivotopis, motivacijsko pismo, ili neki drugi sli\u010dni dokument, date svoj slobodan i izri\u010dit pristanak na obradu osobnih podataka koji proizlaze iz navedenih dokumenata u svrhu utvr\u0111ivanja stru\u010dnih kvalifikacija potencijalnog zaposlenika za prijavljeno radno mjesto.<\/p>\n\n<p>Dru\u0161tvo jam\u010di svojim zaposlenicima za\u0161titu osobnih podataka s time da je ona detaljnije regulirana internim aktima Dru\u0161tva, prije svega pravilnikom o radu.<\/p>\n\n<p>Dru\u0161tvo pristupa trajnom brisanju osobnih podataka \u010dim prestane svrha u koju su prikupljeni.<\/p>\n\n<h2 class=\"wp-block-heading\">III. PRAVA ISPITANIKA<\/h2>\n\n<p>Osobni podaci ispitanika njegovo su vlasni\u0161tvo te iako su nam ti podaci neophodni za pru\u017eanje usluge, ispitanici u svakom trenutku zadr\u017eavaju odre\u0111ena prava u odnosu na obrade njihovih podataka.<\/p>\n\n<p>Dru\u0161tvo \u0107e u trenutku prikupljanja informacija od ispitanika pru\u017eiti sljede\u0107e informacije: identitet i kontaktne podatke voditelja obrade, kontaktne podatke slu\u017ebenika za za\u0161titu podataka (ako je primjenjivo), svrhe obrade radi kojih se upotrebljavaju osobni podaci kao i pravnu osnovu za obradu, legitimne interese, primatelje ili kategorije primatelja osobnih podataka, namjeru prijenosa osobnih podataka tre\u0107im zemljama (ako postoji), razdoblje pohrane podataka ili kriterije koji definiraju to razdoblje, potencijalno postojanje automatiziranog dono\u0161enja odluka \u0161to podrazumijeva i izradu profila, informaciju o tome je li pru\u017eanje osobnih podataka zakonska, ili ugovorna obveza, ili uvjet za sklapanje ugovora te posljedice ako se takvi podaci ne pru\u017ee, te postojanje ni\u017ee navedenih prava. U slu\u010daju da se podaci ne prikupljaju izravno od ispitanika, uz navedene podatke navodi se i izvor osobnih podataka.<\/p>\n\n<p>Ispitanik ostvaruje sljede\u0107a prava u skladu s uvjetima koje propisuje Uredba:<\/p>\n\n<ol class=\"wp-block-list\">\n<li>pravo na povla\u010denje pristanka u bilo kojem trenutku, a da to ne utje\u010de na zakonitost obrade koja se temeljila na pristanku prije nego \u0161to je povu\u010den;<\/li>\n\n\n\n<li>pravo na pristup osobnim podacima;<\/li>\n\n\n\n<li>pravo na ispravak osobnih podataka;<\/li>\n\n\n\n<li>pravo na brisanje;<\/li>\n\n\n\n<li>pravo na ograni\u010davanje obrade;<\/li>\n\n\n\n<li>pravo na ulaganje prigovora na obradu Dru\u0161tvu i \/ ili Agenciji za za\u0161titu osobnih podataka;<\/li>\n\n\n\n<li>pravo na prenosivost podataka.<\/li>\n<\/ol>\n\n<h2 class=\"wp-block-heading\">IV. PRAVO NA INFORMACIJE<\/h2>\n\n<p>Sve informacije vezane uz Va\u0161a prava, prikupljanje i obradu Va\u0161ih osobnih podataka mo\u017eete zatra\u017eiti od na\u0161eg djelatnika zadu\u017eenog za za\u0161titu osobnih podataka putem e-mail adrese: <a href=\"mailto:upit@stega-tisak.hr\">upit@stega-tisak.hr<\/a>.<\/p>\n\n<h2 class=\"wp-block-heading\">V. ANONIMNO PRIKUPLJANJE PODATAKA NA NA\u0160OJ WEB-STRANICI<\/h2>\n\n<ul class=\"wp-block-list\">\n<li>Va\u0161 preglednik prenosi informacije koje se automatski prikupljaju i pohranjuju u datoteke sa zapisima na poslu\u017eitelju Dru\u0161tva. Radi se o, primjerice, informacijama o:<\/li>\n\n\n\n<li>vrsti\/ina\u010dici preglednika kori\u0161tenom operativnom sustavu<\/li>\n\n\n\n<li>identifikacijskoj URL adresi (prethodno posje\u0107ena web-stranica)<\/li>\n\n\n\n<li>nazivu hosta pristupnog ra\u010dunala (IP adresa)<\/li>\n\n\n\n<li>vremenu zahtjeva ra\u010dunala<\/li>\n<\/ul>\n\n<p>Te podatke Dru\u0161tvo ne mo\u017ee povezati s osobama. Ti se podaci ne pripajaju ostalim izvorima podataka i bri\u0161u se nakon statisti\u010dke analize.<\/p>\n\n<h2 class=\"wp-block-heading\">VI. COOKIES (\u201eKOLA\u010cI\u0106I\u201c)<\/h2>\n\n<p>Na\u0161a web-stranica tzv. kola\u010di\u0107e upotrebljava na nekoliko mjesta. Poma\u017eu nam pri prilagodbi na\u0161ih ponuda i \u010dine ih korisni\u010dki prihvatljivima, u\u010dinkovitima i sigurnima. Kola\u010di\u0107i su malene tekstualne datoteke koje se prenose na Va\u0161e ra\u010dunalo i koje Va\u0161 preglednik pohranjuje. Ve\u0107ina kori\u0161tenih kola\u010di\u0107a su tzv. &#8222;kola\u010di\u0107i sesije&#8220; koji se bri\u0161u nakon Va\u0161e posjete. Kola\u010di\u0107i ne \u0161kode Va\u0161em ra\u010dunalu i ne sadr\u017eavaju viruse.<br\/><\/p>\n\n<h2 class=\"wp-block-heading\">VII. SIGURNOST<\/h2>\n\n<p>Dru\u0161tvo kontinuirano poduzima sve tehni\u010dke i organizacijske mjere sigurnosti radi za\u0161tite Va\u0161ih osobnih podataka. Va\u0161i podaci za\u0161ti\u0107eni su od gubitka, uni\u0161tenja, mijenjanja\/krivotvorenja, manipulacije i nedopu\u0161tenog pristupa.<\/p>\n\n<p>Dru\u0161tvo ne dopu\u0161ta neovla\u0161teno prikupljanje, obradu ili kori\u0161tenje osobnih podataka. Primjenjuje se pravilo ograni\u010davanja pristupa podacima samo na one podatke koji su potrebni za obavljanje pojedinih poslovnih zadataka odnosno koji su potrebni za ostvarenje svrhe u koju su ti osobni podaci i pru\u017eeni. Zaposlenicima Dru\u0161tva je strogo zabranjeno kori\u0161tenje osobnih podataka ispitanika u bilo koju svrhu razli\u010dite od one u koju su se podaci prikupljali osim ako su ispitanici obavije\u0161teni o drugoj svrsi i ako je potrebno, dali svoj pristanak.<\/p>\n\n<p>Mehanizmi za\u0161tite se primjenjuju na osobne podatke unutar Dru\u0161tva bez obzira u kojem se obliku oni \u010duvaju \u2013 papirnatom ili elektroni\u010dkom.<\/p>\n\n<h2 class=\"wp-block-heading\">VIII. POVREDA OSOBNIH PODATAKA<\/h2>\n\n<p>Svi zaposlenici Dru\u0161tva imaju du\u017enost obavijestiti odgovorne osobe u slu\u010daju incidenta vezanog uz za\u0161titu osobnih podataka, a u slu\u010daju povrede osobnih podataka Dru\u0161tvo je povredu du\u017eno prijaviti Agenciji za za\u0161titu osobnih podataka unutar 72 sata nakon saznanja o povredi, ako je to izvedivo. Tako\u0111er, u slu\u010daju povrede osobnih podataka koje \u0107e vjerojatno prouzro\u010diti visok rizik za prava i slobode pojedinaca, Dru\u0161tvo bez nepotrebnog odga\u0111anja obavje\u0161tava ispitanika o povredi osobnih podataka.<br\/><\/p>\n\n<h2 class=\"wp-block-heading\">IX. KONTAKT PODACI<\/h2>\n\n<p>STEGA TISAK d.o.o.<br\/>Heinzelova 60\/I<br\/>10 000 Zagreb<br\/>e-mail adresa: <a href=\"mailto:upit@stega-tisak.hr\">upit@stega-tisak.hr<\/a><br\/>broj telefona: +385 1 6197-633<\/p>\n\n<h2 class=\"wp-block-heading\">X. OBAVIJEST O PROMJENAMA<\/h2>\n\n<p>Sve promjene Politike za\u0161tite osobnih podataka Dru\u0161tva bit \u0107e objavljene na na\u0161im Internet stranicama i na drugim mjestima na kojima smatramo da je to potrebno.<\/p>\n\n<div style=\"height:100px\" aria-hidden=\"true\" class=\"wp-block-spacer\"><\/div>\n","protected":false},"excerpt":{"rendered":"<p>POLITIKA ZA\u0160TITE OSOBNIH PODATAKA DRU\u0160TVA STEGA TISAK d.o.o. Mi u dru\u0161tvo STEGA TISAK d.o.o. (u daljnjem tekstu: \u201eDru\u0161tvo\u201c) za\u0161titu Va\u0161ih osobnih podataka shva\u0107amo vrlo ozbiljno i postupamo u skladu s Uredbom EU) 2016\/679 Europskog parlamenta i Vije\u0107a od 27. travnja 2016. o za\u0161titi pojedinaca u vezi s obradom osobnih podataka i o slobodnom kretanju takvih [&hellip;]<\/p>\n","protected":false},"author":1,"featured_media":0,"parent":0,"menu_order":0,"comment_status":"closed","ping_status":"open","template":"","meta":{"_acf_changed":false,"footnotes":""},"class_list":["post-11","page","type-page","status-publish","hentry"],"acf":[],"yoast_head":"<!-- This site is optimized with the Yoast SEO plugin v27.4 - https:\/\/yoast.com\/product\/yoast-seo-wordpress\/ -->\n<title>POLITIKA ZA\u0160TITE OSOBNIH PODATAKA DRU\u0160TVA STEGA TISAK d.o.o. - Stega Tisak<\/title>\n<meta name=\"robots\" content=\"index, follow, max-snippet:-1, max-image-preview:large, max-video-preview:-1\" \/>\n<link rel=\"canonical\" href=\"https:\/\/stega-tisak.hr\/de\/politika-zastite-osobnih-podataka\/\" \/>\n<meta property=\"og:locale\" content=\"de_DE\" \/>\n<meta property=\"og:type\" content=\"article\" \/>\n<meta property=\"og:title\" content=\"POLITIKA ZA\u0160TITE OSOBNIH PODATAKA DRU\u0160TVA STEGA TISAK d.o.o. - Stega Tisak\" \/>\n<meta property=\"og:description\" content=\"POLITIKA ZA\u0160TITE OSOBNIH PODATAKA DRU\u0160TVA STEGA TISAK d.o.o. Mi u dru\u0161tvo STEGA TISAK d.o.o. (u daljnjem tekstu: \u201eDru\u0161tvo\u201c) za\u0161titu Va\u0161ih osobnih podataka shva\u0107amo vrlo ozbiljno i postupamo u skladu s Uredbom EU) 2016\/679 Europskog parlamenta i Vije\u0107a od 27. travnja 2016. o za\u0161titi pojedinaca u vezi s obradom osobnih podataka i o slobodnom kretanju takvih [&hellip;]\" \/>\n<meta property=\"og:url\" content=\"https:\/\/stega-tisak.hr\/de\/politika-zastite-osobnih-podataka\/\" \/>\n<meta property=\"og:site_name\" content=\"Stega Tisak\" \/>\n<meta property=\"article:modified_time\" content=\"2024-02-29T14:12:01+00:00\" \/>\n<meta name=\"twitter:card\" content=\"summary_large_image\" \/>\n<meta name=\"twitter:label1\" content=\"Gesch\u00e4tzte Lesezeit\" \/>\n\t<meta name=\"twitter:data1\" content=\"7\u00a0Minuten\" \/>\n<script type=\"application\/ld+json\" class=\"yoast-schema-graph\">{\"@context\":\"https:\\\/\\\/schema.org\",\"@graph\":[{\"@type\":\"WebPage\",\"@id\":\"https:\\\/\\\/stega-tisak.hr\\\/de\\\/politika-zastite-osobnih-podataka\\\/\",\"url\":\"https:\\\/\\\/stega-tisak.hr\\\/de\\\/politika-zastite-osobnih-podataka\\\/\",\"name\":\"POLITIKA ZA\u0160TITE OSOBNIH PODATAKA DRU\u0160TVA STEGA TISAK d.o.o. - Stega Tisak\",\"isPartOf\":{\"@id\":\"https:\\\/\\\/stega-tisak.hr\\\/#website\"},\"datePublished\":\"2023-05-22T13:14:06+00:00\",\"dateModified\":\"2024-02-29T14:12:01+00:00\",\"breadcrumb\":{\"@id\":\"https:\\\/\\\/stega-tisak.hr\\\/de\\\/politika-zastite-osobnih-podataka\\\/#breadcrumb\"},\"inLanguage\":\"de\",\"potentialAction\":[{\"@type\":\"ReadAction\",\"target\":[\"https:\\\/\\\/stega-tisak.hr\\\/de\\\/politika-zastite-osobnih-podataka\\\/\"]}]},{\"@type\":\"BreadcrumbList\",\"@id\":\"https:\\\/\\\/stega-tisak.hr\\\/de\\\/politika-zastite-osobnih-podataka\\\/#breadcrumb\",\"itemListElement\":[{\"@type\":\"ListItem\",\"position\":1,\"name\":\"Home\",\"item\":\"https:\\\/\\\/stega-tisak.hr\\\/de\\\/titelseite\\\/\"},{\"@type\":\"ListItem\",\"position\":2,\"name\":\"POLITIKA ZA\u0160TITE OSOBNIH PODATAKA DRU\u0160TVA STEGA TISAK d.o.o.\"}]},{\"@type\":\"WebSite\",\"@id\":\"https:\\\/\\\/stega-tisak.hr\\\/#website\",\"url\":\"https:\\\/\\\/stega-tisak.hr\\\/\",\"name\":\"Stega Tisak\",\"description\":\"Spoj Tiskarske struke i Genijalnih rje\u0161enja\",\"potentialAction\":[{\"@type\":\"SearchAction\",\"target\":{\"@type\":\"EntryPoint\",\"urlTemplate\":\"https:\\\/\\\/stega-tisak.hr\\\/?s={search_term_string}\"},\"query-input\":{\"@type\":\"PropertyValueSpecification\",\"valueRequired\":true,\"valueName\":\"search_term_string\"}}],\"inLanguage\":\"de\"}]}<\/script>\n<!-- \/ Yoast SEO plugin. -->","yoast_head_json":{"title":"POLITIKA ZA\u0160TITE OSOBNIH PODATAKA DRU\u0160TVA STEGA TISAK d.o.o. - Stega Tisak","robots":{"index":"index","follow":"follow","max-snippet":"max-snippet:-1","max-image-preview":"max-image-preview:large","max-video-preview":"max-video-preview:-1"},"canonical":"https:\/\/stega-tisak.hr\/de\/politika-zastite-osobnih-podataka\/","og_locale":"de_DE","og_type":"article","og_title":"POLITIKA ZA\u0160TITE OSOBNIH PODATAKA DRU\u0160TVA STEGA TISAK d.o.o. - Stega Tisak","og_description":"POLITIKA ZA\u0160TITE OSOBNIH PODATAKA DRU\u0160TVA STEGA TISAK d.o.o. Mi u dru\u0161tvo STEGA TISAK d.o.o. (u daljnjem tekstu: \u201eDru\u0161tvo\u201c) za\u0161titu Va\u0161ih osobnih podataka shva\u0107amo vrlo ozbiljno i postupamo u skladu s Uredbom EU) 2016\/679 Europskog parlamenta i Vije\u0107a od 27. travnja 2016. o za\u0161titi pojedinaca u vezi s obradom osobnih podataka i o slobodnom kretanju takvih [&hellip;]","og_url":"https:\/\/stega-tisak.hr\/de\/politika-zastite-osobnih-podataka\/","og_site_name":"Stega Tisak","article_modified_time":"2024-02-29T14:12:01+00:00","twitter_card":"summary_large_image","twitter_misc":{"Gesch\u00e4tzte Lesezeit":"7\u00a0Minuten"},"schema":{"@context":"https:\/\/schema.org","@graph":[{"@type":"WebPage","@id":"https:\/\/stega-tisak.hr\/de\/politika-zastite-osobnih-podataka\/","url":"https:\/\/stega-tisak.hr\/de\/politika-zastite-osobnih-podataka\/","name":"POLITIKA ZA\u0160TITE OSOBNIH PODATAKA DRU\u0160TVA STEGA TISAK d.o.o. - Stega Tisak","isPartOf":{"@id":"https:\/\/stega-tisak.hr\/#website"},"datePublished":"2023-05-22T13:14:06+00:00","dateModified":"2024-02-29T14:12:01+00:00","breadcrumb":{"@id":"https:\/\/stega-tisak.hr\/de\/politika-zastite-osobnih-podataka\/#breadcrumb"},"inLanguage":"de","potentialAction":[{"@type":"ReadAction","target":["https:\/\/stega-tisak.hr\/de\/politika-zastite-osobnih-podataka\/"]}]},{"@type":"BreadcrumbList","@id":"https:\/\/stega-tisak.hr\/de\/politika-zastite-osobnih-podataka\/#breadcrumb","itemListElement":[{"@type":"ListItem","position":1,"name":"Home","item":"https:\/\/stega-tisak.hr\/de\/titelseite\/"},{"@type":"ListItem","position":2,"name":"POLITIKA ZA\u0160TITE OSOBNIH PODATAKA DRU\u0160TVA STEGA TISAK d.o.o."}]},{"@type":"WebSite","@id":"https:\/\/stega-tisak.hr\/#website","url":"https:\/\/stega-tisak.hr\/","name":"Stega Tisak","description":"Spoj Tiskarske struke i Genijalnih rje\u0161enja","potentialAction":[{"@type":"SearchAction","target":{"@type":"EntryPoint","urlTemplate":"https:\/\/stega-tisak.hr\/?s={search_term_string}"},"query-input":{"@type":"PropertyValueSpecification","valueRequired":true,"valueName":"search_term_string"}}],"inLanguage":"de"}]}},"_links":{"self":[{"href":"https:\/\/stega-tisak.hr\/de\/wp-json\/wp\/v2\/pages\/11","targetHints":{"allow":["GET"]}}],"collection":[{"href":"https:\/\/stega-tisak.hr\/de\/wp-json\/wp\/v2\/pages"}],"about":[{"href":"https:\/\/stega-tisak.hr\/de\/wp-json\/wp\/v2\/types\/page"}],"author":[{"embeddable":true,"href":"https:\/\/stega-tisak.hr\/de\/wp-json\/wp\/v2\/users\/1"}],"replies":[{"embeddable":true,"href":"https:\/\/stega-tisak.hr\/de\/wp-json\/wp\/v2\/comments?post=11"}],"version-history":[{"count":5,"href":"https:\/\/stega-tisak.hr\/de\/wp-json\/wp\/v2\/pages\/11\/revisions"}],"predecessor-version":[{"id":1694,"href":"https:\/\/stega-tisak.hr\/de\/wp-json\/wp\/v2\/pages\/11\/revisions\/1694"}],"wp:attachment":[{"href":"https:\/\/stega-tisak.hr\/de\/wp-json\/wp\/v2\/media?parent=11"}],"curies":[{"name":"wp","href":"https:\/\/api.w.org\/{rel}","templated":true}]}}