{"id":1173,"date":"2023-05-23T13:00:03","date_gmt":"2023-05-23T11:00:03","guid":{"rendered":"https:\/\/stega-tisak.hr\/tvrtka\/"},"modified":"2023-09-08T10:41:17","modified_gmt":"2023-09-08T08:41:17","slug":"unternehmen","status":"publish","type":"page","link":"https:\/\/stega-tisak.hr\/de\/unternehmen\/","title":{"rendered":"Unternehmen"},"content":{"rendered":"\n<div class=\"wp-block-cover alignfull\" style=\"min-height:500px;aspect-ratio:unset;\"><span aria-hidden=\"true\" class=\"wp-block-cover__background has-black-background-color has-background-dim\"><\/span><img loading=\"lazy\" decoding=\"async\" width=\"2000\" height=\"1333\" class=\"wp-block-cover__image-background wp-image-1424\" alt=\"\" src=\"https:\/\/stega-tisak.hr\/wp-content\/uploads\/2023\/05\/MG_0404.jpg\" data-object-fit=\"cover\" srcset=\"https:\/\/stega-tisak.hr\/wp-content\/uploads\/2023\/05\/MG_0404.jpg 2000w, https:\/\/stega-tisak.hr\/wp-content\/uploads\/2023\/05\/MG_0404-300x200.jpg 300w, https:\/\/stega-tisak.hr\/wp-content\/uploads\/2023\/05\/MG_0404-1024x682.jpg 1024w, https:\/\/stega-tisak.hr\/wp-content\/uploads\/2023\/05\/MG_0404-768x512.jpg 768w, https:\/\/stega-tisak.hr\/wp-content\/uploads\/2023\/05\/MG_0404-1536x1024.jpg 1536w, https:\/\/stega-tisak.hr\/wp-content\/uploads\/2023\/05\/MG_0404-960x640.jpg 960w\" sizes=\"auto, (max-width: 2000px) 100vw, 2000px\" \/><div class=\"wp-block-cover__inner-container is-layout-flow wp-block-cover-is-layout-flow\">\n<div style=\"height:100px\" aria-hidden=\"true\" class=\"wp-block-spacer max-md:hidden\"><\/div>\n\n\n\n<div style=\"height:50px\" aria-hidden=\"true\" class=\"wp-block-spacer md:hidden\"><\/div>\n\n\n\n<div class=\"wp-block-group max-w-3xl mx-auto\"><div class=\"wp-block-group__inner-container is-layout-constrained wp-block-group-is-layout-constrained\">\n<h2 class=\"wp-block-heading has-text-align-left max-w-3xl mx-auto has-large-font-size\">Exquisite grafische Produkte!<\/h2>\n\n\n\n<p class=\"has-text-align-left max-w-3xl mx-auto\">Hunderttausende Kataloge, Prospekte, Brosch\u00fcren, Magazine, Gesch\u00e4ftsberichte sowie zahlreiche Fachauszeichnungen sprechen f\u00fcr unser Wissen, unsere Kompetenz und unsere Qualit\u00e4t. Das Portfolio unserer langj\u00e4hrigen Kunden ist vielf\u00e4ltig.<\/p>\n\n\n\n<div style=\"height:20px\" aria-hidden=\"true\" class=\"wp-block-spacer\"><\/div>\n\n\n\n<p class=\"has-text-align-left max-w-3xl mx-auto\">Wir sind sehr stolz darauf, einige der anspruchsvollsten und repr\u00e4sentativsten Arbeiten hervorzuheben, ohne dabei die Bedeutung jedes einzelnen einfachen Flyers, der aus unserer Werkstatt entsteht, zu schm\u00e4lern.<\/p>\n\n\n\n<div style=\"height:20px\" aria-hidden=\"true\" class=\"wp-block-spacer\"><\/div>\n\n\n\n<p class=\"has-text-align-left max-w-3xl mx-auto\">anspruchsvolles Publikum von Comic-Sammlern gedacht ist, die nicht einmal den kleinsten Fehler verzeihen, ist diese Arbeit auch eine gro\u00dfartige Referenz f\u00fcr uns. Batman, Superman, Buddha \u2013 sie w\u00fcrden ihre Abenteuer sicherlich nicht mit der Leserschaft teilen, wenn es sie nicht in den hochwertigsten gedruckten B\u00fcchern g\u00e4be&#8230;<\/p>\n\n\n\n<div style=\"height:20px\" aria-hidden=\"true\" class=\"wp-block-spacer\"><\/div>\n\n\n\n<p class=\"has-text-align-left max-w-3xl mx-auto\">Stega Tisak erhielt au\u00dferdem den Fachpreis The Best of Show f\u00fcr den Druck und die Produktion des Buches \u201eMETAPHORIA\u201c im Rahmen des Druckfestivals PRINT. Fest 2017. Das Buch ist eine Kombination aus Designvision und technischen M\u00f6glichkeiten. MONOGRAPH \u201eLong Play \u2013 Noten im Takt\u201c B.B. PE\u0160I\u0106 ist eine Fotosammlung, die 1.332 Portr\u00e4ts von 333 regionalen Musikern aus den ersten 50 Jahren der Rockmusik in diesen Gebieten enth\u00e4lt.<\/p>\n\n\n\n<div style=\"height:20px\" aria-hidden=\"true\" class=\"wp-block-spacer\"><\/div>\n\n\n\n<p class=\"has-text-align-left max-w-3xl mx-auto\">Limitierte Auflage von CROATIA RECORDS \u201eBijelo dugme \u2013 Boxset Deluxe\u201c \u2013 40-j\u00e4hriges Jubil\u00e4um der Gruppe \u201eBijelo Dugme\u201c \u2013 eine der gr\u00f6\u00dften hat uns den kompletten Produktionsservice anvertraut.<\/p>\n\n\n\n<div style=\"height:20px\" aria-hidden=\"true\" class=\"wp-block-spacer\"><\/div>\n\n\n\n<p class=\"has-text-align-left max-w-3xl mx-auto\">Engagiert und mit gro\u00dfer Freude tragen wir auch zur Verbesserung der Gemeinschaft bei, indem wir liebe und n\u00fctzliche Projekte wie \u201eMary\u2019s Meals\u201c, \u201eMatch Box\u201c, \u201eLa La Land Theater\u201c und \u201eMarco Polo Festival\u201c sponsern.<\/p>\n<\/div><\/div>\n\n\n\n<div style=\"height:50px\" aria-hidden=\"true\" class=\"wp-block-spacer\"><\/div>\n\n\n\n<div class=\"wp-block-columns is-layout-flex wp-container-core-columns-is-layout-9d6595d7 wp-block-columns-is-layout-flex\">\n<div class=\"wp-block-column is-layout-flow wp-block-column-is-layout-flow\" style=\"flex-basis:25%\"><\/div>\n\n\n\n<div class=\"wp-block-column is-layout-flow wp-block-column-is-layout-flow\" style=\"flex-basis:50%\">\n<div class=\"wp-block-buttons is-content-justification-center is-layout-flex wp-container-core-buttons-is-layout-16018d1d wp-block-buttons-is-layout-flex\">\n<div class=\"wp-block-button is-style-fill\"><a class=\"wp-block-button__link has-white-color has-text-color has-background has-text-align-center wp-element-button\" href=\"https:\/\/stega-tisak.hr\/de\/upit-za-tisak\/\" style=\"border-radius:0px;background-color:#e6007e\">Wir halten durch<\/a><\/div>\n<\/div>\n<\/div>\n\n\n\n<div class=\"wp-block-column is-layout-flow wp-block-column-is-layout-flow\" style=\"flex-basis:25%\"><\/div>\n<\/div>\n\n\n\n<div style=\"height:50px\" aria-hidden=\"true\" class=\"wp-block-spacer max-md:hidden\"><\/div>\n\n\n\n<div style=\"height:25px\" aria-hidden=\"true\" class=\"wp-block-spacer md:hidden\"><\/div>\n<\/div><\/div>\n\n\n\n<div style=\"height:50px\" aria-hidden=\"true\" class=\"wp-block-spacer max-md:hidden\"><\/div>\n\n\n\n<div style=\"height:25px\" aria-hidden=\"true\" class=\"wp-block-spacer md:hidden\"><\/div>\n\n\n\n<h2 class=\"wp-block-heading has-text-align-left has-large-font-size\">Synthese aus Technologie und Genialit\u00e4t<\/h2>\n\n\n\n<p class=\"has-text-align-left\">wird von zahlreichen in- und ausl\u00e4ndischen Kunden erkannt, darunter:&nbsp; Styria, Plodine, Stadt Zagreb, Porsche Croatia, Toyota, Opel, Hrvatska Lutrija (Kroatische Lotterie), Fina (Kroatische Finanzagentur), Spar, Atlantic Grupa, Podravka, L\u2019Oreal, Vichy, Ministerien, die angesehensten Werbeagenturen, zahlreiche ausl\u00e4ndische Verlage und Vertretungen &#8230;<\/p>\n\n\n\n<div class=\"wp-block-columns is-layout-flex wp-container-core-columns-is-layout-9d6595d7 wp-block-columns-is-layout-flex\">\n<div class=\"wp-block-column is-layout-flow wp-block-column-is-layout-flow\" style=\"flex-basis:25%\"><\/div>\n\n\n\n<div class=\"wp-block-column is-layout-flow wp-block-column-is-layout-flow\" style=\"flex-basis:50%\">\n<div class=\"wp-block-buttons is-content-justification-center is-layout-flex wp-container-core-buttons-is-layout-16018d1d wp-block-buttons-is-layout-flex\">\n<div class=\"wp-block-button is-style-fill\"><a class=\"wp-block-button__link has-white-color has-text-color has-background has-text-align-center wp-element-button\" href=\"https:\/\/stega-tisak.hr\/category\/projekte\/\" style=\"border-radius:0px;background-color:#e6007e\">Schauen Sie sich die Projekte an<\/a><\/div>\n<\/div>\n<\/div>\n\n\n\n<div class=\"wp-block-column is-layout-flow wp-block-column-is-layout-flow\" style=\"flex-basis:25%\"><\/div>\n<\/div>\n\n\n\n<div style=\"height:50px\" aria-hidden=\"true\" class=\"wp-block-spacer max-md:hidden\"><\/div>\n\n\n\n<div style=\"height:25px\" aria-hidden=\"true\" class=\"wp-block-spacer md:hidden\"><\/div>\n\n\n\r\n    <div class=\"\" id=\"carousel-block_3f4d1587988a09fe46cd5ed81d3e49d7\">\r\n\r\n        <div class=\"relative aspect-[4\/3] mb-6 md:aspect-video swiper-container bg-gray-800 overflow-hidden shadow-lg rounded alignfull\">\r\n            <div class=\"swiper-wrapper\">\r\n\r\n                                    <div class=\"swiper-slide\">\r\n                        <img decoding=\"async\" class=\"absolute object-cover object-center w-full h-full m-0\" src=\"https:\/\/stega-tisak.hr\/wp-content\/uploads\/2023\/07\/TEHNOLOGIJA_01-1-1600x900.jpg\" alt=\"\" \/>\r\n                    <\/div>\r\n                                    <div class=\"swiper-slide\">\r\n                        <img decoding=\"async\" class=\"absolute object-cover object-center w-full h-full m-0\" src=\"https:\/\/stega-tisak.hr\/wp-content\/uploads\/2023\/07\/MG_8553.jpg\" alt=\"\" \/>\r\n                    <\/div>\r\n                \r\n            <\/div>\r\n\r\n            <!-- Add Arrows -->\r\n            <div class=\"swiper-button-next\"><\/div>\r\n            <div class=\"swiper-button-prev\"><\/div>\r\n\r\n            <!-- Add Pagination -->\r\n            <div class=\"swiper-pagination\"><\/div>\r\n        <\/div>\r\n\r\n    <\/div>\r\n\r\n\n\n\n<div style=\"height:25px\" aria-hidden=\"true\" class=\"wp-block-spacer\"><\/div>\n\n\n\n<h2 class=\"wp-block-heading has-text-align-center has-large-font-size\">Standardmaschinen. Technologie. Globalisierung.<\/h2>\n\n\n\n<p>Wir beobachten t\u00e4glich Ver\u00e4nderungen und passen uns dem Markt und den Gegebenheiten an. Das ist die Garantie f\u00fcr die Zufriedenheit unserer Kunden und unseren Erfolg. Wir sind nicht einfach nur eine Druckerei. Wir bieten integrierte Gesch\u00e4ftsl\u00f6sungen, einen transparenten Ansatz und die Sicherheit der Projekt\u00fcberwachung von der Idee bis zum Endprodukt.<\/p>\n\n\n\n<p>Wir investieren kontinuierlich in Menschen, Bildung und Produktionsanlagen, die aus Druck- und Weiterverarbeitungsmaschinen der neuesten Generation und technischen Errungenschaften in der Druckindustrie bestehen. Wir heben unsere 5-Farben-Maschine im B1-Format KBA Rapida 105-5 + 2ALV mit Lackwerk f\u00fcr Wasserdispersionslack und Inline-Farbmessung hervor, die uns den Druck Ihrer Mappen, Kataloge, Prospekte und POS-Materialien in h\u00f6chster Qualit\u00e4t erm\u00f6glicht. Au\u00dferdem verf\u00fcgen wir \u00fcber eine 8-Farben-Maschine im B1-Format Heidelberg SX-102-8 mit Inline-Farbmessung, die uns den Druck in h\u00f6chster Qualit\u00e4t mit gro\u00dfer Kapazit\u00e4t und schnellem Wechsel Ihrer Zeitschriften, Flyer und Monografien erm\u00f6glicht. Hochproduktiver Offset-Digitaldruck bis zum Format 1020 x 330 m erm\u00f6glicht unseren Kunden die Bestellung kleinerer Auflagen in h\u00f6chster Qualit\u00e4t. Gro\u00dfformatiger Digitaldruck erm\u00f6glicht unseren Kunden die Realisierung ihrer W\u00fcnsche an einem Ort.<\/p>\n\n\n\n<p>Wir verf\u00fcgen ebenfalls \u00fcber eine komplette Buchbinderei und haben die M\u00f6glichkeit, Ihre Lieblingskartons, Gesch\u00e4ftsmappen und POS-Materialien zu schneiden. Wir liefern alle Produkte kostenlos im Gebiet der Gespanschaft Zagreba\u010dka.<\/p>\n\n\n<div class=\"wp-block-image\">\n<figure class=\"aligncenter size-full\"><img loading=\"lazy\" decoding=\"async\" width=\"896\" height=\"231\" src=\"https:\/\/stega-tisak.hr\/wp-content\/uploads\/2023\/09\/stega-certifikati_1.jpg\" alt=\"\" class=\"wp-image-1674\" srcset=\"https:\/\/stega-tisak.hr\/wp-content\/uploads\/2023\/09\/stega-certifikati_1.jpg 896w, https:\/\/stega-tisak.hr\/wp-content\/uploads\/2023\/09\/stega-certifikati_1-300x77.jpg 300w, https:\/\/stega-tisak.hr\/wp-content\/uploads\/2023\/09\/stega-certifikati_1-768x198.jpg 768w\" sizes=\"auto, (max-width: 896px) 100vw, 896px\" \/><\/figure>\n<\/div>\n\n\n<div style=\"height:50px\" aria-hidden=\"true\" id=\"hit-singl\" class=\"wp-block-spacer max-md:hidden\"><\/div>\n\n\n\n<div style=\"height:25px\" aria-hidden=\"true\" id=\"hit-singl\" class=\"wp-block-spacer md:hidden\"><\/div>\n\n\n\n<h2 class=\"wp-block-heading has-text-align-center has-large-font-size\">Hit single<\/h2>\n\n\n\n<figure class=\"wp-block-embed is-type-rich is-provider-handler-einbetten wp-block-embed-handler-einbetten wp-embed-aspect-16-9 wp-has-aspect-ratio\"><div class=\"wp-block-embed__wrapper\">\n<iframe loading=\"lazy\" title=\"STOLE  - Stega Tisak\" width=\"1280\" height=\"720\" src=\"https:\/\/www.youtube.com\/embed\/C-6SLkEi5QA?feature=oembed\" frameborder=\"0\" allow=\"accelerometer; autoplay; clipboard-write; encrypted-media; gyroscope; picture-in-picture; web-share\" allowfullscreen><\/iframe>\n<\/div><\/figure>\n\n\n\n<div style=\"height:50px\" aria-hidden=\"true\" class=\"wp-block-spacer\"><\/div>\n\n\n\n<h2 class=\"wp-block-heading has-text-align-left has-large-font-size\">Karriere<\/h2>\n\n\n\n<p class=\"has-text-align-left\">Wir m\u00f6chten Sie gerne kennenlernen und Ihnen die Einzelheiten unseres Projekts \u201eWACHSTUM UND ENTWICKLUNG VON STG!\u201c n\u00e4herbringen, das wir als aktives Instrument f\u00fcr das langfristige Wachstum und die Entwicklung unseres Unternehmens durch unsere Mitarbeiter konzipiert haben.<\/p>\n\n\n\n<div class=\"wp-block-buttons is-content-justification-center is-layout-flex wp-container-core-buttons-is-layout-16018d1d wp-block-buttons-is-layout-flex\">\n<div class=\"wp-block-button is-style-fill\"><a class=\"wp-block-button__link has-white-color has-text-color has-background has-text-align-center wp-element-button\" href=\"https:\/\/stega-tisak.hr\/wp-content\/uploads\/2023\/05\/brosura_Razvoj_2022.pdf\" style=\"border-radius:0px;background-color:#e6007e\" target=\"_blank\" rel=\"noreferrer noopener\">Finde mehr heraus<\/a><\/div>\n<\/div>\n\n\n\n<div style=\"height:50px\" aria-hidden=\"true\" class=\"wp-block-spacer max-md:hidden\"><\/div>\n\n\n\n<div style=\"height:25px\" aria-hidden=\"true\" class=\"wp-block-spacer md:hidden\"><\/div>\n","protected":false},"excerpt":{"rendered":"<p>Synthese aus Technologie und Genialit\u00e4t wird von zahlreichen in- und ausl\u00e4ndischen Kunden erkannt, darunter:&nbsp; Styria, Plodine, Stadt Zagreb, Porsche Croatia, Toyota, Opel, Hrvatska Lutrija (Kroatische Lotterie), Fina (Kroatische Finanzagentur), Spar, Atlantic Grupa, Podravka, L\u2019Oreal, Vichy, Ministerien, die angesehensten Werbeagenturen, zahlreiche ausl\u00e4ndische Verlage und Vertretungen &#8230; Standardmaschinen. Technologie. Globalisierung. Wir beobachten t\u00e4glich Ver\u00e4nderungen und passen uns [&hellip;]<\/p>\n","protected":false},"author":1,"featured_media":0,"parent":0,"menu_order":0,"comment_status":"closed","ping_status":"closed","template":"","meta":{"_acf_changed":false,"footnotes":""},"class_list":["post-1173","page","type-page","status-publish","hentry"],"acf":[],"yoast_head":"<!-- This site is optimized with the Yoast SEO plugin v27.3 - https:\/\/yoast.com\/product\/yoast-seo-wordpress\/ -->\n<title>Unternehmen - Stega Tisak<\/title>\n<meta name=\"robots\" content=\"index, follow, max-snippet:-1, max-image-preview:large, max-video-preview:-1\" \/>\n<link rel=\"canonical\" href=\"https:\/\/stega-tisak.hr\/de\/unternehmen\/\" \/>\n<meta property=\"og:locale\" content=\"de_DE\" \/>\n<meta property=\"og:type\" content=\"article\" \/>\n<meta property=\"og:title\" content=\"Unternehmen - Stega Tisak\" \/>\n<meta property=\"og:description\" content=\"Synthese aus Technologie und Genialit\u00e4t wird von zahlreichen in- und ausl\u00e4ndischen Kunden erkannt, darunter:&nbsp; Styria, Plodine, Stadt Zagreb, Porsche Croatia, Toyota, Opel, Hrvatska Lutrija (Kroatische Lotterie), Fina (Kroatische Finanzagentur), Spar, Atlantic Grupa, Podravka, L\u2019Oreal, Vichy, Ministerien, die angesehensten Werbeagenturen, zahlreiche ausl\u00e4ndische Verlage und Vertretungen &#8230; Standardmaschinen. Technologie. Globalisierung. Wir beobachten t\u00e4glich Ver\u00e4nderungen und passen uns [&hellip;]\" \/>\n<meta property=\"og:url\" content=\"https:\/\/stega-tisak.hr\/de\/unternehmen\/\" \/>\n<meta property=\"og:site_name\" content=\"Stega Tisak\" \/>\n<meta property=\"article:modified_time\" content=\"2023-09-08T08:41:17+00:00\" \/>\n<meta property=\"og:image\" content=\"https:\/\/stega-tisak.hr\/wp-content\/uploads\/2023\/05\/MG_0404.jpg\" \/>\n<meta name=\"twitter:card\" content=\"summary_large_image\" \/>\n<meta name=\"twitter:label1\" content=\"Gesch\u00e4tzte Lesezeit\" \/>\n\t<meta name=\"twitter:data1\" content=\"3\u00a0Minuten\" \/>\n<script type=\"application\/ld+json\" class=\"yoast-schema-graph\">{\"@context\":\"https:\\\/\\\/schema.org\",\"@graph\":[{\"@type\":\"WebPage\",\"@id\":\"https:\\\/\\\/stega-tisak.hr\\\/de\\\/unternehmen\\\/\",\"url\":\"https:\\\/\\\/stega-tisak.hr\\\/de\\\/unternehmen\\\/\",\"name\":\"Unternehmen - Stega Tisak\",\"isPartOf\":{\"@id\":\"https:\\\/\\\/stega-tisak.hr\\\/#website\"},\"primaryImageOfPage\":{\"@id\":\"https:\\\/\\\/stega-tisak.hr\\\/de\\\/unternehmen\\\/#primaryimage\"},\"image\":{\"@id\":\"https:\\\/\\\/stega-tisak.hr\\\/de\\\/unternehmen\\\/#primaryimage\"},\"thumbnailUrl\":\"https:\\\/\\\/stega-tisak.hr\\\/wp-content\\\/uploads\\\/2023\\\/05\\\/MG_0404.jpg\",\"datePublished\":\"2023-05-23T11:00:03+00:00\",\"dateModified\":\"2023-09-08T08:41:17+00:00\",\"breadcrumb\":{\"@id\":\"https:\\\/\\\/stega-tisak.hr\\\/de\\\/unternehmen\\\/#breadcrumb\"},\"inLanguage\":\"de\",\"potentialAction\":[{\"@type\":\"ReadAction\",\"target\":[\"https:\\\/\\\/stega-tisak.hr\\\/de\\\/unternehmen\\\/\"]}]},{\"@type\":\"ImageObject\",\"inLanguage\":\"de\",\"@id\":\"https:\\\/\\\/stega-tisak.hr\\\/de\\\/unternehmen\\\/#primaryimage\",\"url\":\"https:\\\/\\\/stega-tisak.hr\\\/wp-content\\\/uploads\\\/2023\\\/05\\\/MG_0404.jpg\",\"contentUrl\":\"https:\\\/\\\/stega-tisak.hr\\\/wp-content\\\/uploads\\\/2023\\\/05\\\/MG_0404.jpg\"},{\"@type\":\"BreadcrumbList\",\"@id\":\"https:\\\/\\\/stega-tisak.hr\\\/de\\\/unternehmen\\\/#breadcrumb\",\"itemListElement\":[{\"@type\":\"ListItem\",\"position\":1,\"name\":\"Home\",\"item\":\"https:\\\/\\\/stega-tisak.hr\\\/de\\\/titelseite\\\/\"},{\"@type\":\"ListItem\",\"position\":2,\"name\":\"Unternehmen\"}]},{\"@type\":\"WebSite\",\"@id\":\"https:\\\/\\\/stega-tisak.hr\\\/#website\",\"url\":\"https:\\\/\\\/stega-tisak.hr\\\/\",\"name\":\"Stega Tisak\",\"description\":\"Spoj Tiskarske struke i Genijalnih rje\u0161enja\",\"potentialAction\":[{\"@type\":\"SearchAction\",\"target\":{\"@type\":\"EntryPoint\",\"urlTemplate\":\"https:\\\/\\\/stega-tisak.hr\\\/?s={search_term_string}\"},\"query-input\":{\"@type\":\"PropertyValueSpecification\",\"valueRequired\":true,\"valueName\":\"search_term_string\"}}],\"inLanguage\":\"de\"}]}<\/script>\n<!-- \/ Yoast SEO plugin. -->","yoast_head_json":{"title":"Unternehmen - Stega Tisak","robots":{"index":"index","follow":"follow","max-snippet":"max-snippet:-1","max-image-preview":"max-image-preview:large","max-video-preview":"max-video-preview:-1"},"canonical":"https:\/\/stega-tisak.hr\/de\/unternehmen\/","og_locale":"de_DE","og_type":"article","og_title":"Unternehmen - Stega Tisak","og_description":"Synthese aus Technologie und Genialit\u00e4t wird von zahlreichen in- und ausl\u00e4ndischen Kunden erkannt, darunter:&nbsp; Styria, Plodine, Stadt Zagreb, Porsche Croatia, Toyota, Opel, Hrvatska Lutrija (Kroatische Lotterie), Fina (Kroatische Finanzagentur), Spar, Atlantic Grupa, Podravka, L\u2019Oreal, Vichy, Ministerien, die angesehensten Werbeagenturen, zahlreiche ausl\u00e4ndische Verlage und Vertretungen &#8230; Standardmaschinen. Technologie. Globalisierung. Wir beobachten t\u00e4glich Ver\u00e4nderungen und passen uns [&hellip;]","og_url":"https:\/\/stega-tisak.hr\/de\/unternehmen\/","og_site_name":"Stega Tisak","article_modified_time":"2023-09-08T08:41:17+00:00","og_image":[{"url":"https:\/\/stega-tisak.hr\/wp-content\/uploads\/2023\/05\/MG_0404.jpg","type":"","width":"","height":""}],"twitter_card":"summary_large_image","twitter_misc":{"Gesch\u00e4tzte Lesezeit":"3\u00a0Minuten"},"schema":{"@context":"https:\/\/schema.org","@graph":[{"@type":"WebPage","@id":"https:\/\/stega-tisak.hr\/de\/unternehmen\/","url":"https:\/\/stega-tisak.hr\/de\/unternehmen\/","name":"Unternehmen - Stega Tisak","isPartOf":{"@id":"https:\/\/stega-tisak.hr\/#website"},"primaryImageOfPage":{"@id":"https:\/\/stega-tisak.hr\/de\/unternehmen\/#primaryimage"},"image":{"@id":"https:\/\/stega-tisak.hr\/de\/unternehmen\/#primaryimage"},"thumbnailUrl":"https:\/\/stega-tisak.hr\/wp-content\/uploads\/2023\/05\/MG_0404.jpg","datePublished":"2023-05-23T11:00:03+00:00","dateModified":"2023-09-08T08:41:17+00:00","breadcrumb":{"@id":"https:\/\/stega-tisak.hr\/de\/unternehmen\/#breadcrumb"},"inLanguage":"de","potentialAction":[{"@type":"ReadAction","target":["https:\/\/stega-tisak.hr\/de\/unternehmen\/"]}]},{"@type":"ImageObject","inLanguage":"de","@id":"https:\/\/stega-tisak.hr\/de\/unternehmen\/#primaryimage","url":"https:\/\/stega-tisak.hr\/wp-content\/uploads\/2023\/05\/MG_0404.jpg","contentUrl":"https:\/\/stega-tisak.hr\/wp-content\/uploads\/2023\/05\/MG_0404.jpg"},{"@type":"BreadcrumbList","@id":"https:\/\/stega-tisak.hr\/de\/unternehmen\/#breadcrumb","itemListElement":[{"@type":"ListItem","position":1,"name":"Home","item":"https:\/\/stega-tisak.hr\/de\/titelseite\/"},{"@type":"ListItem","position":2,"name":"Unternehmen"}]},{"@type":"WebSite","@id":"https:\/\/stega-tisak.hr\/#website","url":"https:\/\/stega-tisak.hr\/","name":"Stega Tisak","description":"Spoj Tiskarske struke i Genijalnih rje\u0161enja","potentialAction":[{"@type":"SearchAction","target":{"@type":"EntryPoint","urlTemplate":"https:\/\/stega-tisak.hr\/?s={search_term_string}"},"query-input":{"@type":"PropertyValueSpecification","valueRequired":true,"valueName":"search_term_string"}}],"inLanguage":"de"}]}},"_links":{"self":[{"href":"https:\/\/stega-tisak.hr\/de\/wp-json\/wp\/v2\/pages\/1173","targetHints":{"allow":["GET"]}}],"collection":[{"href":"https:\/\/stega-tisak.hr\/de\/wp-json\/wp\/v2\/pages"}],"about":[{"href":"https:\/\/stega-tisak.hr\/de\/wp-json\/wp\/v2\/types\/page"}],"author":[{"embeddable":true,"href":"https:\/\/stega-tisak.hr\/de\/wp-json\/wp\/v2\/users\/1"}],"replies":[{"embeddable":true,"href":"https:\/\/stega-tisak.hr\/de\/wp-json\/wp\/v2\/comments?post=1173"}],"version-history":[{"count":10,"href":"https:\/\/stega-tisak.hr\/de\/wp-json\/wp\/v2\/pages\/1173\/revisions"}],"predecessor-version":[{"id":1679,"href":"https:\/\/stega-tisak.hr\/de\/wp-json\/wp\/v2\/pages\/1173\/revisions\/1679"}],"wp:attachment":[{"href":"https:\/\/stega-tisak.hr\/de\/wp-json\/wp\/v2\/media?parent=1173"}],"curies":[{"name":"wp","href":"https:\/\/api.w.org\/{rel}","templated":true}]}}