{"id":1185,"date":"2023-05-23T13:25:22","date_gmt":"2023-05-23T11:25:22","guid":{"rendered":"https:\/\/stega-tisak.hr\/kontakt\/"},"modified":"2024-03-11T11:53:58","modified_gmt":"2024-03-11T10:53:58","slug":"kontakt","status":"publish","type":"page","link":"https:\/\/stega-tisak.hr\/de\/kontakt\/","title":{"rendered":"Kontakt"},"content":{"rendered":"\n<div class=\"wp-block-cover alignfull\"><span aria-hidden=\"true\" class=\"wp-block-cover__background has-black-background-color has-background-dim\"><\/span><img loading=\"lazy\" decoding=\"async\" width=\"2500\" height=\"1668\" class=\"wp-block-cover__image-background wp-image-902\" alt=\"\" src=\"https:\/\/stega-tisak.hr\/wp-content\/uploads\/2023\/05\/DSC5389.jpg\" data-object-fit=\"cover\" srcset=\"https:\/\/stega-tisak.hr\/wp-content\/uploads\/2023\/05\/DSC5389.jpg 2500w, https:\/\/stega-tisak.hr\/wp-content\/uploads\/2023\/05\/DSC5389-300x200.jpg 300w, https:\/\/stega-tisak.hr\/wp-content\/uploads\/2023\/05\/DSC5389-1024x683.jpg 1024w, https:\/\/stega-tisak.hr\/wp-content\/uploads\/2023\/05\/DSC5389-768x512.jpg 768w, https:\/\/stega-tisak.hr\/wp-content\/uploads\/2023\/05\/DSC5389-1536x1025.jpg 1536w, https:\/\/stega-tisak.hr\/wp-content\/uploads\/2023\/05\/DSC5389-2048x1366.jpg 2048w, https:\/\/stega-tisak.hr\/wp-content\/uploads\/2023\/05\/DSC5389-959x640.jpg 959w\" sizes=\"auto, (max-width: 2500px) 100vw, 2500px\" \/><div class=\"wp-block-cover__inner-container is-layout-flow wp-block-cover-is-layout-flow\">\n<div style=\"height:50px\" aria-hidden=\"true\" class=\"wp-block-spacer\"><\/div>\n\n\n\n<h2 class=\"wp-block-heading has-text-align-center has-large-font-size\">In all diesen Jahren<\/h2>\n\n\n\n<p class=\"has-text-align-center max-w-3xl mx-auto\">seit 1992 bietet Stega Printing erstklassige Druckdienstleistungen an, schafft ein Umfeld der Wettbewerbsf\u00e4higkeit und setzt Standards, die den gesamten Beruf verbessern. Wir sind eine der gr\u00f6\u00dften Druckereien in Kroatien mit starken technologischen Kapazit\u00e4ten und befinden uns in unseren eigenen R\u00e4umlichkeiten im Gesch\u00e4ftszentrum Zavrtnica\/Heinzelova ulica 60\/1, Zagreb.<\/p>\n\n\n\n<div style=\"height:50px\" aria-hidden=\"true\" class=\"wp-block-spacer\"><\/div>\n<\/div><\/div>\n\n\n\n<div style=\"height:50px\" aria-hidden=\"true\" class=\"wp-block-spacer max-md:hidden\"><\/div>\n\n\n\n<div style=\"height:25px\" aria-hidden=\"true\" class=\"wp-block-spacer md:hidden\"><\/div>\n\n\n\n<div class=\"wp-block-columns gap-12 md:gap-24 max-md:flex-col-reverse is-layout-flex wp-container-core-columns-is-layout-9d6595d7 wp-block-columns-is-layout-flex\">\n<div class=\"wp-block-column is-layout-flow wp-block-column-is-layout-flow\">\n<div class=\"wp-block-contact-form-7-contact-form-selector\">\n<div class=\"wpcf7 no-js\" id=\"wpcf7-f1175-o1\" lang=\"hr\" dir=\"ltr\" data-wpcf7-id=\"1175\">\n<div class=\"screen-reader-response\"><p role=\"status\" aria-live=\"polite\" aria-atomic=\"true\"><\/p> <ul><\/ul><\/div>\n<form action=\"\/de\/wp-json\/wp\/v2\/pages\/1185#wpcf7-f1175-o1\" method=\"post\" class=\"wpcf7-form init\" aria-label=\"Kontakt obrazac\" novalidate=\"novalidate\" data-status=\"init\">\n<fieldset class=\"hidden-fields-container\"><input type=\"hidden\" name=\"_wpcf7\" value=\"1175\" \/><input type=\"hidden\" name=\"_wpcf7_version\" value=\"6.1.5\" \/><input type=\"hidden\" name=\"_wpcf7_locale\" value=\"hr\" \/><input type=\"hidden\" name=\"_wpcf7_unit_tag\" value=\"wpcf7-f1175-o1\" \/><input type=\"hidden\" name=\"_wpcf7_container_post\" value=\"0\" \/><input type=\"hidden\" name=\"_wpcf7_posted_data_hash\" value=\"\" \/><input type=\"hidden\" name=\"_wpcf7_recaptcha_response\" value=\"\" \/>\n<\/fieldset>\n<div class=\"fieldset-full\"><div class=\"field\"><label>Deine E-Mail <span class=\"wpcf7-form-control-wrap\" data-name=\"your-email\"><input size=\"40\" maxlength=\"400\" class=\"wpcf7-form-control wpcf7-email wpcf7-validates-as-required wpcf7-text wpcf7-validates-as-email\" autocomplete=\"email\" aria-required=\"true\" aria-invalid=\"false\" value=\"\" type=\"email\" name=\"your-email\" \/><\/span><\/label><\/div><\/div>\n\n<div class=\"fieldset-full\"><div class=\"field\"><label>Titel <span class=\"wpcf7-form-control-wrap\" data-name=\"your-subject\"><input size=\"40\" maxlength=\"400\" class=\"wpcf7-form-control wpcf7-text wpcf7-validates-as-required\" aria-required=\"true\" aria-invalid=\"false\" value=\"\" type=\"text\" name=\"your-subject\" \/><\/span><\/label><\/div><\/div>\n\n<div class=\"fieldset-full\"><div class=\"field\"><label> Ihre Nachricht <span class=\"wpcf7-form-control-wrap\" data-name=\"your-message\"><textarea cols=\"40\" rows=\"10\" maxlength=\"2000\" class=\"wpcf7-form-control wpcf7-textarea wpcf7-validates-as-required\" aria-required=\"true\" aria-invalid=\"false\" name=\"your-message\"><\/textarea><\/span><\/label><\/div><\/div>\n\n<input class=\"wpcf7-form-control wpcf7-submit has-spinner btn btn-primary\" type=\"submit\" value=\"Schicken!\" \/><div class=\"wpcf7-response-output\" aria-hidden=\"true\"><\/div>\n<\/form>\n<\/div>\n<\/div>\n<\/div>\n\n\n\n<div class=\"wp-block-column is-layout-flow wp-block-column-is-layout-flow\">\n<h2 class=\"wp-block-heading\">Ein Treffen arrangieren!<\/h2>\n\n\n\n<p>Wir stehen Ihnen gerne f\u00fcr ein Gespr\u00e4ch zur Verf\u00fcgung, bei dem wir Ihnen pers\u00f6nlich alle unsere M\u00f6glichkeiten und Kapazit\u00e4ten vorstellen.<\/p>\n\n\n\n<div style=\"height:25px\" aria-hidden=\"true\" class=\"wp-block-spacer\"><\/div>\n\n\n\n<figure class=\"wp-block-table no-border\" style=\"font-size:14px\"><table><tbody><tr><td><strong>Adresse:<\/strong><\/td><td>Heinzelova 60\/1,<br>10 000 Zagreb,<br>Kroatien<\/td><\/tr><tr><td><strong>Tel:<\/strong><\/td><td>+385 1 6197-633<\/td><\/tr><tr><td><strong>Fax:<\/strong><\/td><td>+385 1 6197-430<\/td><\/tr><tr><td><strong>E-Mail:<\/strong><\/td><td>upit@stega-tisak.hr<\/td><\/tr><\/tbody><\/table><\/figure>\n<\/div>\n<\/div>\n\n\n\n<div style=\"height:50px\" aria-hidden=\"true\" class=\"wp-block-spacer\"><\/div>\n\n\n\n<div class=\"wp-block-columns alignfull !mb-0 is-layout-flex wp-container-core-columns-is-layout-9d6595d7 wp-block-columns-is-layout-flex\">\n<div class=\"wp-block-column is-layout-flow wp-block-column-is-layout-flow\">\n<iframe src=\"https:\/\/www.google.com\/maps\/embed?pb=!1m18!1m12!1m3!1d3307.415186848271!2d16.002215939309153!3d45.80738149971722!2m3!1f0!2f0!3f0!3m2!1i1024!2i768!4f13.1!3m3!1m2!1s0x4765d64b766c2f41%3A0xa7e1ec5461db303c!2sHeinzelova%20ul.%2060%2C%2010000%2C%20Zagreb!5e0!3m2!1sen!2shr!4v1684842190177!5m2!1sen!2shr\" width=\"100%\" height=\"300\" style=\"border:0;height:360px!important;\" allowfullscreen=\"\" loading=\"lazy\" referrerpolicy=\"no-referrer-when-downgrade\"><\/iframe>\n<\/div>\n<\/div>\n","protected":false},"excerpt":{"rendered":"<p>Ein Treffen arrangieren! Wir stehen Ihnen gerne f\u00fcr ein Gespr\u00e4ch zur Verf\u00fcgung, bei dem wir Ihnen pers\u00f6nlich alle unsere M\u00f6glichkeiten und Kapazit\u00e4ten vorstellen. Adresse: Heinzelova 60\/1,10 000 Zagreb,Kroatien Tel: +385 1 6197-633 Fax: +385 1 6197-430 E-Mail: upit@stega-tisak.hr<\/p>\n","protected":false},"author":1,"featured_media":0,"parent":0,"menu_order":0,"comment_status":"closed","ping_status":"closed","template":"","meta":{"_acf_changed":false,"footnotes":""},"class_list":["post-1185","page","type-page","status-publish","hentry"],"acf":[],"yoast_head":"<!-- This site is optimized with the Yoast SEO plugin v27.5 - https:\/\/yoast.com\/product\/yoast-seo-wordpress\/ -->\n<title>Kontakt - Stega Tisak<\/title>\n<meta name=\"robots\" content=\"index, follow, max-snippet:-1, max-image-preview:large, max-video-preview:-1\" \/>\n<link rel=\"canonical\" href=\"https:\/\/stega-tisak.hr\/de\/kontakt\/\" \/>\n<meta property=\"og:locale\" content=\"de_DE\" \/>\n<meta property=\"og:type\" content=\"article\" \/>\n<meta property=\"og:title\" content=\"Kontakt - Stega Tisak\" \/>\n<meta property=\"og:description\" content=\"Ein Treffen arrangieren! Wir stehen Ihnen gerne f\u00fcr ein Gespr\u00e4ch zur Verf\u00fcgung, bei dem wir Ihnen pers\u00f6nlich alle unsere M\u00f6glichkeiten und Kapazit\u00e4ten vorstellen. Adresse: Heinzelova 60\/1,10 000 Zagreb,Kroatien Tel: +385 1 6197-633 Fax: +385 1 6197-430 E-Mail: upit@stega-tisak.hr\" \/>\n<meta property=\"og:url\" content=\"https:\/\/stega-tisak.hr\/de\/kontakt\/\" \/>\n<meta property=\"og:site_name\" content=\"Stega Tisak\" \/>\n<meta property=\"article:modified_time\" content=\"2024-03-11T10:53:58+00:00\" \/>\n<meta property=\"og:image\" content=\"https:\/\/stega-tisak.hr\/wp-content\/uploads\/2023\/05\/DSC5389.jpg\" \/>\n<meta name=\"twitter:card\" content=\"summary_large_image\" \/>\n<meta name=\"twitter:label1\" content=\"Gesch\u00e4tzte Lesezeit\" \/>\n\t<meta name=\"twitter:data1\" content=\"1\u00a0Minute\" \/>\n<script type=\"application\/ld+json\" class=\"yoast-schema-graph\">{\"@context\":\"https:\\\/\\\/schema.org\",\"@graph\":[{\"@type\":\"WebPage\",\"@id\":\"https:\\\/\\\/stega-tisak.hr\\\/de\\\/kontakt\\\/\",\"url\":\"https:\\\/\\\/stega-tisak.hr\\\/de\\\/kontakt\\\/\",\"name\":\"Kontakt - Stega Tisak\",\"isPartOf\":{\"@id\":\"https:\\\/\\\/stega-tisak.hr\\\/#website\"},\"primaryImageOfPage\":{\"@id\":\"https:\\\/\\\/stega-tisak.hr\\\/de\\\/kontakt\\\/#primaryimage\"},\"image\":{\"@id\":\"https:\\\/\\\/stega-tisak.hr\\\/de\\\/kontakt\\\/#primaryimage\"},\"thumbnailUrl\":\"https:\\\/\\\/stega-tisak.hr\\\/wp-content\\\/uploads\\\/2023\\\/05\\\/DSC5389.jpg\",\"datePublished\":\"2023-05-23T11:25:22+00:00\",\"dateModified\":\"2024-03-11T10:53:58+00:00\",\"breadcrumb\":{\"@id\":\"https:\\\/\\\/stega-tisak.hr\\\/de\\\/kontakt\\\/#breadcrumb\"},\"inLanguage\":\"de\",\"potentialAction\":[{\"@type\":\"ReadAction\",\"target\":[\"https:\\\/\\\/stega-tisak.hr\\\/de\\\/kontakt\\\/\"]}]},{\"@type\":\"ImageObject\",\"inLanguage\":\"de\",\"@id\":\"https:\\\/\\\/stega-tisak.hr\\\/de\\\/kontakt\\\/#primaryimage\",\"url\":\"https:\\\/\\\/stega-tisak.hr\\\/wp-content\\\/uploads\\\/2023\\\/05\\\/DSC5389.jpg\",\"contentUrl\":\"https:\\\/\\\/stega-tisak.hr\\\/wp-content\\\/uploads\\\/2023\\\/05\\\/DSC5389.jpg\"},{\"@type\":\"BreadcrumbList\",\"@id\":\"https:\\\/\\\/stega-tisak.hr\\\/de\\\/kontakt\\\/#breadcrumb\",\"itemListElement\":[{\"@type\":\"ListItem\",\"position\":1,\"name\":\"Home\",\"item\":\"https:\\\/\\\/stega-tisak.hr\\\/de\\\/titelseite\\\/\"},{\"@type\":\"ListItem\",\"position\":2,\"name\":\"Kontakt\"}]},{\"@type\":\"WebSite\",\"@id\":\"https:\\\/\\\/stega-tisak.hr\\\/#website\",\"url\":\"https:\\\/\\\/stega-tisak.hr\\\/\",\"name\":\"Stega Tisak\",\"description\":\"Spoj Tiskarske struke i Genijalnih rje\u0161enja\",\"potentialAction\":[{\"@type\":\"SearchAction\",\"target\":{\"@type\":\"EntryPoint\",\"urlTemplate\":\"https:\\\/\\\/stega-tisak.hr\\\/?s={search_term_string}\"},\"query-input\":{\"@type\":\"PropertyValueSpecification\",\"valueRequired\":true,\"valueName\":\"search_term_string\"}}],\"inLanguage\":\"de\"}]}<\/script>\n<!-- \/ Yoast SEO plugin. -->","yoast_head_json":{"title":"Kontakt - Stega Tisak","robots":{"index":"index","follow":"follow","max-snippet":"max-snippet:-1","max-image-preview":"max-image-preview:large","max-video-preview":"max-video-preview:-1"},"canonical":"https:\/\/stega-tisak.hr\/de\/kontakt\/","og_locale":"de_DE","og_type":"article","og_title":"Kontakt - Stega Tisak","og_description":"Ein Treffen arrangieren! Wir stehen Ihnen gerne f\u00fcr ein Gespr\u00e4ch zur Verf\u00fcgung, bei dem wir Ihnen pers\u00f6nlich alle unsere M\u00f6glichkeiten und Kapazit\u00e4ten vorstellen. Adresse: Heinzelova 60\/1,10 000 Zagreb,Kroatien Tel: +385 1 6197-633 Fax: +385 1 6197-430 E-Mail: upit@stega-tisak.hr","og_url":"https:\/\/stega-tisak.hr\/de\/kontakt\/","og_site_name":"Stega Tisak","article_modified_time":"2024-03-11T10:53:58+00:00","og_image":[{"url":"https:\/\/stega-tisak.hr\/wp-content\/uploads\/2023\/05\/DSC5389.jpg","type":"","width":"","height":""}],"twitter_card":"summary_large_image","twitter_misc":{"Gesch\u00e4tzte Lesezeit":"1\u00a0Minute"},"schema":{"@context":"https:\/\/schema.org","@graph":[{"@type":"WebPage","@id":"https:\/\/stega-tisak.hr\/de\/kontakt\/","url":"https:\/\/stega-tisak.hr\/de\/kontakt\/","name":"Kontakt - Stega Tisak","isPartOf":{"@id":"https:\/\/stega-tisak.hr\/#website"},"primaryImageOfPage":{"@id":"https:\/\/stega-tisak.hr\/de\/kontakt\/#primaryimage"},"image":{"@id":"https:\/\/stega-tisak.hr\/de\/kontakt\/#primaryimage"},"thumbnailUrl":"https:\/\/stega-tisak.hr\/wp-content\/uploads\/2023\/05\/DSC5389.jpg","datePublished":"2023-05-23T11:25:22+00:00","dateModified":"2024-03-11T10:53:58+00:00","breadcrumb":{"@id":"https:\/\/stega-tisak.hr\/de\/kontakt\/#breadcrumb"},"inLanguage":"de","potentialAction":[{"@type":"ReadAction","target":["https:\/\/stega-tisak.hr\/de\/kontakt\/"]}]},{"@type":"ImageObject","inLanguage":"de","@id":"https:\/\/stega-tisak.hr\/de\/kontakt\/#primaryimage","url":"https:\/\/stega-tisak.hr\/wp-content\/uploads\/2023\/05\/DSC5389.jpg","contentUrl":"https:\/\/stega-tisak.hr\/wp-content\/uploads\/2023\/05\/DSC5389.jpg"},{"@type":"BreadcrumbList","@id":"https:\/\/stega-tisak.hr\/de\/kontakt\/#breadcrumb","itemListElement":[{"@type":"ListItem","position":1,"name":"Home","item":"https:\/\/stega-tisak.hr\/de\/titelseite\/"},{"@type":"ListItem","position":2,"name":"Kontakt"}]},{"@type":"WebSite","@id":"https:\/\/stega-tisak.hr\/#website","url":"https:\/\/stega-tisak.hr\/","name":"Stega Tisak","description":"Spoj Tiskarske struke i Genijalnih rje\u0161enja","potentialAction":[{"@type":"SearchAction","target":{"@type":"EntryPoint","urlTemplate":"https:\/\/stega-tisak.hr\/?s={search_term_string}"},"query-input":{"@type":"PropertyValueSpecification","valueRequired":true,"valueName":"search_term_string"}}],"inLanguage":"de"}]}},"_links":{"self":[{"href":"https:\/\/stega-tisak.hr\/de\/wp-json\/wp\/v2\/pages\/1185","targetHints":{"allow":["GET"]}}],"collection":[{"href":"https:\/\/stega-tisak.hr\/de\/wp-json\/wp\/v2\/pages"}],"about":[{"href":"https:\/\/stega-tisak.hr\/de\/wp-json\/wp\/v2\/types\/page"}],"author":[{"embeddable":true,"href":"https:\/\/stega-tisak.hr\/de\/wp-json\/wp\/v2\/users\/1"}],"replies":[{"embeddable":true,"href":"https:\/\/stega-tisak.hr\/de\/wp-json\/wp\/v2\/comments?post=1185"}],"version-history":[{"count":11,"href":"https:\/\/stega-tisak.hr\/de\/wp-json\/wp\/v2\/pages\/1185\/revisions"}],"predecessor-version":[{"id":1888,"href":"https:\/\/stega-tisak.hr\/de\/wp-json\/wp\/v2\/pages\/1185\/revisions\/1888"}],"wp:attachment":[{"href":"https:\/\/stega-tisak.hr\/de\/wp-json\/wp\/v2\/media?parent=1185"}],"curies":[{"name":"wp","href":"https:\/\/api.w.org\/{rel}","templated":true}]}}