{"id":1194,"date":"2023-05-23T11:14:23","date_gmt":"2023-05-23T09:14:23","guid":{"rendered":"https:\/\/stega-tisak.hr\/upit-za-tisak\/"},"modified":"2023-06-14T13:32:45","modified_gmt":"2023-06-14T11:32:45","slug":"wir-halten-durch","status":"publish","type":"page","link":"https:\/\/stega-tisak.hr\/de\/wir-halten-durch\/","title":{"rendered":"Wir halten durch"},"content":{"rendered":"\n<div style=\"height:50px\" aria-hidden=\"true\" class=\"wp-block-spacer max-md:hidden\"><\/div>\n\n\n\n<div style=\"height:25px\" aria-hidden=\"true\" class=\"wp-block-spacer md:hidden\"><\/div>\n\n\n\n<h1 class=\"wp-block-heading\">Die Kombination aus Druckberuf und genialen L\u00f6sungen<\/h1>\n\n\n\n<p>Anerkannt von zahlreichen in- und ausl\u00e4ndischen Kunden, darunter:\u00a0<strong>Steiermark, Plodine, Stadt Zagreb, Porsche Kroatien, Toyota, Opel, Kroatische Lotterie, Fina, Spar, Atlantic Group, Podravka, Belupo , L&#8217;Oreal, Vichy, Ministerien, die renommiertesten Werbeagenturen, zahlreiche ausl\u00e4ndische Verlage und Repr\u00e4sentanzen\u2026<\/strong><\/p>\n\n\n\n<div style=\"height:10px\" aria-hidden=\"true\" class=\"wp-block-spacer\"><\/div>\n\n\n\n<div class=\"wp-block-contact-form-7-contact-form-selector\">\n<div class=\"wpcf7 no-js\" id=\"wpcf7-f1178-o1\" lang=\"hr\" dir=\"ltr\" data-wpcf7-id=\"1178\">\n<div class=\"screen-reader-response\"><p role=\"status\" aria-live=\"polite\" aria-atomic=\"true\"><\/p> <ul><\/ul><\/div>\n<form action=\"\/de\/wp-json\/wp\/v2\/pages\/1194#wpcf7-f1178-o1\" method=\"post\" class=\"wpcf7-form init\" aria-label=\"Kontakt obrazac\" novalidate=\"novalidate\" data-status=\"init\">\n<fieldset class=\"hidden-fields-container\"><input type=\"hidden\" name=\"_wpcf7\" value=\"1178\" \/><input type=\"hidden\" name=\"_wpcf7_version\" value=\"6.1.5\" \/><input type=\"hidden\" name=\"_wpcf7_locale\" value=\"hr\" \/><input type=\"hidden\" name=\"_wpcf7_unit_tag\" value=\"wpcf7-f1178-o1\" \/><input type=\"hidden\" name=\"_wpcf7_container_post\" value=\"0\" \/><input type=\"hidden\" name=\"_wpcf7_posted_data_hash\" value=\"\" \/><input type=\"hidden\" name=\"_wpcf7_recaptcha_response\" value=\"\" \/>\n<\/fieldset>\n<div class=\"fieldset\">\n<div class=\"field\"><label>Name des Kunden: <span class=\"wpcf7-form-control-wrap\" data-name=\"kupac\"><input size=\"40\" maxlength=\"400\" class=\"wpcf7-form-control wpcf7-text wpcf7-validates-as-required\" aria-required=\"true\" aria-invalid=\"false\" value=\"\" type=\"text\" name=\"kupac\" \/><\/span><\/label><\/div>\n<div class=\"field\"><label>PERS\u00d6NLICHE IDENTIFIKATIONSUNMMER (OIB) <span class=\"wpcf7-form-control-wrap\" data-name=\"oib\"><input size=\"40\" maxlength=\"400\" class=\"wpcf7-form-control wpcf7-text wpcf7-validates-as-required\" aria-required=\"true\" aria-invalid=\"false\" value=\"\" type=\"text\" name=\"oib\" \/><\/span><\/label><\/div>\n<div class=\"field\"><label>Adresse <span class=\"wpcf7-form-control-wrap\" data-name=\"adresa\"><input size=\"40\" maxlength=\"400\" class=\"wpcf7-form-control wpcf7-text wpcf7-validates-as-required\" aria-required=\"true\" aria-invalid=\"false\" value=\"\" type=\"text\" name=\"adresa\" \/><\/span><\/label><\/div>\n<\/div>\n\n<div class=\"fieldset\">\n<div class=\"field\"><label>Ihre E-Mail <span class=\"wpcf7-form-control-wrap\" data-name=\"email\"><input size=\"40\" maxlength=\"400\" class=\"wpcf7-form-control wpcf7-text wpcf7-validates-as-required\" aria-required=\"true\" aria-invalid=\"false\" value=\"\" type=\"text\" name=\"email\" \/><\/span><\/label><\/div>\n<\/div>\n\n<div class=\"fieldset\">\n<div class=\"field\"><label>Produktname: <span class=\"wpcf7-form-control-wrap\" data-name=\"proizvod\"><input size=\"40\" maxlength=\"400\" class=\"wpcf7-form-control wpcf7-text\" aria-invalid=\"false\" value=\"\" type=\"text\" name=\"proizvod\" \/><\/span><\/label><\/div>\n<div class=\"field\"><label>Format: <span class=\"wpcf7-form-control-wrap\" data-name=\"format\"><input size=\"40\" maxlength=\"400\" class=\"wpcf7-form-control wpcf7-text\" aria-invalid=\"false\" value=\"\" type=\"text\" name=\"format\" \/><\/span><\/label><\/div>\n<div class=\"field\"><label>Auflage: <span class=\"wpcf7-form-control-wrap\" data-name=\"naklada\"><input size=\"40\" maxlength=\"400\" class=\"wpcf7-form-control wpcf7-text\" aria-invalid=\"false\" value=\"\" type=\"text\" name=\"naklada\" \/><\/span><\/label><\/div>\n<\/div>\n\n<div class=\"fieldset\">\n<div class=\"field\"><label>Druck Buchblock: <span class=\"wpcf7-form-control-wrap\" data-name=\"kb\"><input size=\"40\" maxlength=\"400\" class=\"wpcf7-form-control wpcf7-text\" aria-invalid=\"false\" value=\"\" type=\"text\" name=\"kb\" \/><\/span><\/label><\/div>\n<div class=\"field\"><label>Papiersorte und Grammatur: <span class=\"wpcf7-form-control-wrap\" data-name=\"papirkb\"><input size=\"40\" maxlength=\"400\" class=\"wpcf7-form-control wpcf7-text\" aria-invalid=\"false\" value=\"\" type=\"text\" name=\"papirkb\" \/><\/span><\/label><\/div>\n<div class=\"field\"><label>Umfang: <span class=\"wpcf7-form-control-wrap\" data-name=\"opseg\"><input size=\"40\" maxlength=\"400\" class=\"wpcf7-form-control wpcf7-text\" aria-invalid=\"false\" value=\"\" type=\"text\" name=\"opseg\" \/><\/span><\/label><\/div>\n<\/div>\n\n<div class=\"fieldset\">\n<div class=\"field\"><label>Umschlagdruck: <span class=\"wpcf7-form-control-wrap\" data-name=\"omot\"><input size=\"40\" maxlength=\"400\" class=\"wpcf7-form-control wpcf7-text\" aria-invalid=\"false\" value=\"\" type=\"text\" name=\"omot\" \/><\/span><\/label><\/div>\n<div class=\"field\"><label>Papiersorte und Grammatur: <span class=\"wpcf7-form-control-wrap\" data-name=\"papiromot\"><input size=\"40\" maxlength=\"400\" class=\"wpcf7-form-control wpcf7-text\" aria-invalid=\"false\" value=\"\" type=\"text\" name=\"papiromot\" \/><\/span><\/label><\/div>\n<div class=\"field\"><label>Folienlaminierung f\u00fcr den Umschlag: <span class=\"wpcf7-form-control-wrap\" data-name=\"plastifikacija\"><input size=\"40\" maxlength=\"400\" class=\"wpcf7-form-control wpcf7-text\" aria-invalid=\"false\" value=\"\" type=\"text\" name=\"plastifikacija\" \/><\/span><\/label><\/div>\n<\/div>\n\n<div class=\"fieldset\">\n<div class=\"field\"><label>Bindungsart: <span class=\"wpcf7-form-control-wrap\" data-name=\"uvez\"><input size=\"40\" maxlength=\"400\" class=\"wpcf7-form-control wpcf7-text\" aria-invalid=\"false\" value=\"\" type=\"text\" name=\"uvez\" \/><\/span><\/label><\/div>\n<div class=\"field\"><label>Weiterverarbeitung: <span class=\"wpcf7-form-control-wrap\" data-name=\"dorada\"><input size=\"40\" maxlength=\"400\" class=\"wpcf7-form-control wpcf7-text\" aria-invalid=\"false\" value=\"\" type=\"text\" name=\"dorada\" \/><\/span><\/label><\/div>\n<\/div>\n\n<div class=\"w-full\"><span class=\"wpcf7-form-control-wrap\" data-name=\"your-consent\"><span class=\"wpcf7-form-control wpcf7-acceptance\"><span class=\"wpcf7-list-item\"><label><input type=\"checkbox\" name=\"your-consent\" value=\"1\" aria-invalid=\"false\" \/><span class=\"wpcf7-list-item-label\">Ich bin damit einverstanden, dass STEGA TISAK d.o.o. meine hier zur Verf\u00fcgung gestellten personenbezogenen Daten ausschlie\u00dflich zum Zwecke der angemessenen Beantwortung erhebt, speichert, nutzt und verarbeitet und erkl\u00e4re hiermit, dass mir alle Rechte aus dem Schutz personenbezogener Daten bekannt sind, insbesondere das Recht auf jederzeitigen Widerruf meiner Einwilligung. Ich nehme zur Kenntnis, dass ich bei der Aus\u00fcbung meiner Rechte das Recht habe, mich an STEGA TISAK d.o.o. sowie die Agentur f\u00fcr den Schutz personenbezogener Daten zu wenden, dass STEGA TISAK d.o.o. die erhaltenen personenbezogenen Daten sofort nach Wegfall des Zwecks der weiteren Kommunikation dauerhaft l\u00f6scht und dass ich mit der Datenschutzrichtlinie von STEGA TISAK d.o.o. vertraut bin.<\/span><\/label><\/span><\/span><\/span><\/div>\n\n<input class=\"wpcf7-form-control wpcf7-submit has-spinner btn btn-primary\" type=\"submit\" value=\"Senden\" \/><div class=\"wpcf7-response-output\" aria-hidden=\"true\"><\/div>\n<\/form>\n<\/div>\n<\/div>\n\n\n\n<div style=\"height:50px\" aria-hidden=\"true\" class=\"wp-block-spacer\"><\/div>\n","protected":false},"excerpt":{"rendered":"<p>Die Kombination aus Druckberuf und genialen L\u00f6sungen Anerkannt von zahlreichen in- und ausl\u00e4ndischen Kunden, darunter:\u00a0Steiermark, Plodine, Stadt Zagreb, Porsche Kroatien, Toyota, Opel, Kroatische Lotterie, Fina, Spar, Atlantic Group, Podravka, Belupo , L&#8217;Oreal, Vichy, Ministerien, die renommiertesten Werbeagenturen, zahlreiche ausl\u00e4ndische Verlage und Repr\u00e4sentanzen\u2026<\/p>\n","protected":false},"author":1,"featured_media":0,"parent":0,"menu_order":0,"comment_status":"closed","ping_status":"closed","template":"","meta":{"_acf_changed":false,"footnotes":""},"class_list":["post-1194","page","type-page","status-publish","hentry"],"acf":[],"yoast_head":"<!-- This site is optimized with the Yoast SEO plugin v27.5 - https:\/\/yoast.com\/product\/yoast-seo-wordpress\/ -->\n<title>Wir halten durch - Stega Tisak<\/title>\n<meta name=\"robots\" content=\"index, follow, max-snippet:-1, max-image-preview:large, max-video-preview:-1\" \/>\n<link rel=\"canonical\" href=\"https:\/\/stega-tisak.hr\/de\/wir-halten-durch\/\" \/>\n<meta property=\"og:locale\" content=\"de_DE\" \/>\n<meta property=\"og:type\" content=\"article\" \/>\n<meta property=\"og:title\" content=\"Wir halten durch - Stega Tisak\" \/>\n<meta property=\"og:description\" content=\"Die Kombination aus Druckberuf und genialen L\u00f6sungen Anerkannt von zahlreichen in- und ausl\u00e4ndischen Kunden, darunter:\u00a0Steiermark, Plodine, Stadt Zagreb, Porsche Kroatien, Toyota, Opel, Kroatische Lotterie, Fina, Spar, Atlantic Group, Podravka, Belupo , L&#8217;Oreal, Vichy, Ministerien, die renommiertesten Werbeagenturen, zahlreiche ausl\u00e4ndische Verlage und Repr\u00e4sentanzen\u2026\" \/>\n<meta property=\"og:url\" content=\"https:\/\/stega-tisak.hr\/de\/wir-halten-durch\/\" \/>\n<meta property=\"og:site_name\" content=\"Stega Tisak\" \/>\n<meta property=\"article:modified_time\" content=\"2023-06-14T11:32:45+00:00\" \/>\n<meta name=\"twitter:card\" content=\"summary_large_image\" \/>\n<script type=\"application\/ld+json\" class=\"yoast-schema-graph\">{\"@context\":\"https:\\\/\\\/schema.org\",\"@graph\":[{\"@type\":\"WebPage\",\"@id\":\"https:\\\/\\\/stega-tisak.hr\\\/de\\\/wir-halten-durch\\\/\",\"url\":\"https:\\\/\\\/stega-tisak.hr\\\/de\\\/wir-halten-durch\\\/\",\"name\":\"Wir halten durch - Stega Tisak\",\"isPartOf\":{\"@id\":\"https:\\\/\\\/stega-tisak.hr\\\/#website\"},\"datePublished\":\"2023-05-23T09:14:23+00:00\",\"dateModified\":\"2023-06-14T11:32:45+00:00\",\"breadcrumb\":{\"@id\":\"https:\\\/\\\/stega-tisak.hr\\\/de\\\/wir-halten-durch\\\/#breadcrumb\"},\"inLanguage\":\"de\",\"potentialAction\":[{\"@type\":\"ReadAction\",\"target\":[\"https:\\\/\\\/stega-tisak.hr\\\/de\\\/wir-halten-durch\\\/\"]}]},{\"@type\":\"BreadcrumbList\",\"@id\":\"https:\\\/\\\/stega-tisak.hr\\\/de\\\/wir-halten-durch\\\/#breadcrumb\",\"itemListElement\":[{\"@type\":\"ListItem\",\"position\":1,\"name\":\"Home\",\"item\":\"https:\\\/\\\/stega-tisak.hr\\\/de\\\/titelseite\\\/\"},{\"@type\":\"ListItem\",\"position\":2,\"name\":\"Wir halten durch\"}]},{\"@type\":\"WebSite\",\"@id\":\"https:\\\/\\\/stega-tisak.hr\\\/#website\",\"url\":\"https:\\\/\\\/stega-tisak.hr\\\/\",\"name\":\"Stega Tisak\",\"description\":\"Spoj Tiskarske struke i Genijalnih rje\u0161enja\",\"potentialAction\":[{\"@type\":\"SearchAction\",\"target\":{\"@type\":\"EntryPoint\",\"urlTemplate\":\"https:\\\/\\\/stega-tisak.hr\\\/?s={search_term_string}\"},\"query-input\":{\"@type\":\"PropertyValueSpecification\",\"valueRequired\":true,\"valueName\":\"search_term_string\"}}],\"inLanguage\":\"de\"}]}<\/script>\n<!-- \/ Yoast SEO plugin. -->","yoast_head_json":{"title":"Wir halten durch - Stega Tisak","robots":{"index":"index","follow":"follow","max-snippet":"max-snippet:-1","max-image-preview":"max-image-preview:large","max-video-preview":"max-video-preview:-1"},"canonical":"https:\/\/stega-tisak.hr\/de\/wir-halten-durch\/","og_locale":"de_DE","og_type":"article","og_title":"Wir halten durch - Stega Tisak","og_description":"Die Kombination aus Druckberuf und genialen L\u00f6sungen Anerkannt von zahlreichen in- und ausl\u00e4ndischen Kunden, darunter:\u00a0Steiermark, Plodine, Stadt Zagreb, Porsche Kroatien, Toyota, Opel, Kroatische Lotterie, Fina, Spar, Atlantic Group, Podravka, Belupo , L&#8217;Oreal, Vichy, Ministerien, die renommiertesten Werbeagenturen, zahlreiche ausl\u00e4ndische Verlage und Repr\u00e4sentanzen\u2026","og_url":"https:\/\/stega-tisak.hr\/de\/wir-halten-durch\/","og_site_name":"Stega Tisak","article_modified_time":"2023-06-14T11:32:45+00:00","twitter_card":"summary_large_image","schema":{"@context":"https:\/\/schema.org","@graph":[{"@type":"WebPage","@id":"https:\/\/stega-tisak.hr\/de\/wir-halten-durch\/","url":"https:\/\/stega-tisak.hr\/de\/wir-halten-durch\/","name":"Wir halten durch - Stega Tisak","isPartOf":{"@id":"https:\/\/stega-tisak.hr\/#website"},"datePublished":"2023-05-23T09:14:23+00:00","dateModified":"2023-06-14T11:32:45+00:00","breadcrumb":{"@id":"https:\/\/stega-tisak.hr\/de\/wir-halten-durch\/#breadcrumb"},"inLanguage":"de","potentialAction":[{"@type":"ReadAction","target":["https:\/\/stega-tisak.hr\/de\/wir-halten-durch\/"]}]},{"@type":"BreadcrumbList","@id":"https:\/\/stega-tisak.hr\/de\/wir-halten-durch\/#breadcrumb","itemListElement":[{"@type":"ListItem","position":1,"name":"Home","item":"https:\/\/stega-tisak.hr\/de\/titelseite\/"},{"@type":"ListItem","position":2,"name":"Wir halten durch"}]},{"@type":"WebSite","@id":"https:\/\/stega-tisak.hr\/#website","url":"https:\/\/stega-tisak.hr\/","name":"Stega Tisak","description":"Spoj Tiskarske struke i Genijalnih rje\u0161enja","potentialAction":[{"@type":"SearchAction","target":{"@type":"EntryPoint","urlTemplate":"https:\/\/stega-tisak.hr\/?s={search_term_string}"},"query-input":{"@type":"PropertyValueSpecification","valueRequired":true,"valueName":"search_term_string"}}],"inLanguage":"de"}]}},"_links":{"self":[{"href":"https:\/\/stega-tisak.hr\/de\/wp-json\/wp\/v2\/pages\/1194","targetHints":{"allow":["GET"]}}],"collection":[{"href":"https:\/\/stega-tisak.hr\/de\/wp-json\/wp\/v2\/pages"}],"about":[{"href":"https:\/\/stega-tisak.hr\/de\/wp-json\/wp\/v2\/types\/page"}],"author":[{"embeddable":true,"href":"https:\/\/stega-tisak.hr\/de\/wp-json\/wp\/v2\/users\/1"}],"replies":[{"embeddable":true,"href":"https:\/\/stega-tisak.hr\/de\/wp-json\/wp\/v2\/comments?post=1194"}],"version-history":[{"count":7,"href":"https:\/\/stega-tisak.hr\/de\/wp-json\/wp\/v2\/pages\/1194\/revisions"}],"predecessor-version":[{"id":1486,"href":"https:\/\/stega-tisak.hr\/de\/wp-json\/wp\/v2\/pages\/1194\/revisions\/1486"}],"wp:attachment":[{"href":"https:\/\/stega-tisak.hr\/de\/wp-json\/wp\/v2\/media?parent=1194"}],"curies":[{"name":"wp","href":"https:\/\/api.w.org\/{rel}","templated":true}]}}