{"id":1688,"date":"2023-05-23T13:00:03","date_gmt":"2023-05-23T11:00:03","guid":{"rendered":"https:\/\/stega-tisak.hr\/company\/"},"modified":"2024-03-11T12:24:53","modified_gmt":"2024-03-11T11:24:53","slug":"notre-societe","status":"publish","type":"page","link":"https:\/\/stega-tisak.hr\/fr\/notre-societe\/","title":{"rendered":"Notre soci\u00e9t\u00e9"},"content":{"rendered":"\n<div class=\"wp-block-cover alignfull\" style=\"min-height:500px;aspect-ratio:unset;\"><span aria-hidden=\"true\" class=\"wp-block-cover__background has-black-background-color has-background-dim\"><\/span><img loading=\"lazy\" decoding=\"async\" width=\"2000\" height=\"1333\" class=\"wp-block-cover__image-background wp-image-1423\" alt=\"\" src=\"https:\/\/stega-tisak.hr\/wp-content\/uploads\/2023\/05\/MG_0404.jpg\" data-object-fit=\"cover\" srcset=\"https:\/\/stega-tisak.hr\/wp-content\/uploads\/2023\/05\/MG_0404.jpg 2000w, https:\/\/stega-tisak.hr\/wp-content\/uploads\/2023\/05\/MG_0404-300x200.jpg 300w, https:\/\/stega-tisak.hr\/wp-content\/uploads\/2023\/05\/MG_0404-1024x682.jpg 1024w, https:\/\/stega-tisak.hr\/wp-content\/uploads\/2023\/05\/MG_0404-768x512.jpg 768w, https:\/\/stega-tisak.hr\/wp-content\/uploads\/2023\/05\/MG_0404-1536x1024.jpg 1536w, https:\/\/stega-tisak.hr\/wp-content\/uploads\/2023\/05\/MG_0404-960x640.jpg 960w\" sizes=\"auto, (max-width: 2000px) 100vw, 2000px\" \/><div class=\"wp-block-cover__inner-container is-layout-flow wp-block-cover-is-layout-flow\">\n<div style=\"height:100px\" aria-hidden=\"true\" class=\"wp-block-spacer max-md:hidden\"><\/div>\n\n\n\n<div style=\"height:50px\" aria-hidden=\"true\" class=\"wp-block-spacer md:hidden\"><\/div>\n\n\n\n<div class=\"wp-block-group max-w-3xl mx-auto\"><div class=\"wp-block-group__inner-container is-layout-constrained wp-block-group-is-layout-constrained\">\n<h2 class=\"wp-block-heading has-text-align-left max-w-3xl mx-auto has-large-font-size\">Des produits graphique uniques!<\/h2>\n\n\n\n<p class=\"has-text-align-left max-w-3xl mx-auto\">Des centaines de milliers de catalogues, d\u00e9pliants, brochures, magazines, rapports annuels ainsi que de nombreuses r\u00e9compenses professionnelles parlent d&rsquo;eux-m\u00eames de notre savoir, de notre expertise et de notre qualit\u00e9. Le portefeuille de nos clients \u00e0 long terme est des plus vari\u00e9s.<\/p>\n\n\n\n<div style=\"height:20px\" aria-hidden=\"true\" class=\"wp-block-spacer\"><\/div>\n\n\n\n<p class=\"has-text-align-left max-w-3xl mx-auto\">C&rsquo;est avec fiert\u00e9 que nous mettons en avant certains de nos r\u00e9alisations les plus exigeantes et repr\u00e9sentatives sans pour autant sous-estimer le plus petit et le plus simple des d\u00e9pliants qui sort de notre atelier.<\/p>\n\n\n\n<div style=\"height:20px\" aria-hidden=\"true\" class=\"wp-block-spacer\"><\/div>\n\n\n\n<p class=\"has-text-align-left max-w-3xl mx-auto\">Nous remportons le prix Fibra ann\u00e9e apr\u00e8s ann\u00e9e, et sachant qu\u2019il est destin\u00e9 \u00e0 un public des plus exigeants compos\u00e9 de collectionneurs de bandes dessin\u00e9es ne pardonnant pas la moindre erreur, ce travail est ainsi pour nous une grande r\u00e9f\u00e9rence. Batman, Superman, Bouddha &#8211; ils ne partageraient certainement pas leurs aventures avec autant de lecteurs s&rsquo;ils n&rsquo;\u00e9taient imprim\u00e9s dans des ouvrages de la plus haute qualit\u00e9&#8230;<\/p>\n\n\n\n<div style=\"height:20px\" aria-hidden=\"true\" class=\"wp-block-spacer\"><\/div>\n\n\n\n<p class=\"has-text-align-left max-w-3xl mx-auto\">Stega Imprimerie a \u00e9galement remport\u00e9 le prix professionnel The Best of Show pour l\u2019impression et la r\u00e9alisation du livre \u00ab METAPHORIA \u00bb dans le cadre du festival PRINT. Fest 2017. Cet ouvrage est un savant m\u00e9lange de vision design et de possibilit\u00e9s techniques. La MONOGRAPHIE \u00ab Long Play \u2013 Notes dans le Temps \u00bb de B.B. PE\u0160I\u0106 est un recueil de photographies contenant 1.332 portraits de 333 musiciens locaux des 50 premi\u00e8res ann\u00e9es rock n\u2019roll dans toute la r\u00e9gion.<\/p>\n\n\n\n<div style=\"height:20px\" aria-hidden=\"true\" class=\"wp-block-spacer\"><\/div>\n\n\n\n<p class=\"has-text-align-left max-w-3xl mx-auto\">L\u2019\u00e9dition limit\u00e9e de CROATIA RECORDS \u00ab Bijelo dugme &#8211; Box Set Delux \u00bb pour les 40 ans du groupe Bijelo Dugme, l\u2019un des plus grands groupes, nous a \u00e0 juste titre \u00e9t\u00e9 confi\u00e9e avec confiance.<\/p>\n\n\n\n<div style=\"height:20px\" aria-hidden=\"true\" class=\"wp-block-spacer\"><\/div>\n\n\n\n<p class=\"has-text-align-left max-w-3xl mx-auto\">C\u2019est avec d\u00e9vouement et une grande joie que nous apportons notre contribution au d\u00e9veloppement de notre communaut\u00e9 au travers du sponsoring de projets comme entre autres \u00ab Marijini Obroci \u2013 Les Repas de Marija \u00bb (repas scolaires offerts), \u00ab Kutija \u0160ibica \u2013 La Boite d\u2019Allumettes \u00bb (tournoi de football en salle), le th\u00e9\u00e2tre \u00ab La La Land \u00bb ou le \u00ab Festival Marco Polo \u00bb.<\/p>\n<\/div><\/div>\n\n\n\n<div style=\"height:50px\" aria-hidden=\"true\" class=\"wp-block-spacer\"><\/div>\n\n\n\n<div class=\"wp-block-columns is-layout-flex wp-container-core-columns-is-layout-9d6595d7 wp-block-columns-is-layout-flex\">\n<div class=\"wp-block-column is-layout-flow wp-block-column-is-layout-flow\" style=\"flex-basis:25%\"><\/div>\n\n\n\n<div class=\"wp-block-column is-layout-flow wp-block-column-is-layout-flow\" style=\"flex-basis:50%\">\n<div class=\"wp-block-buttons is-content-justification-center is-layout-flex wp-container-core-buttons-is-layout-16018d1d wp-block-buttons-is-layout-flex\">\n<div class=\"wp-block-button is-style-fill\"><a class=\"wp-block-button__link has-white-color has-text-color has-background has-text-align-center wp-element-button\" href=\"https:\/\/stega-tisak.hr\/fr\/demande-dimpression\/\" style=\"border-radius:0px;background-color:#e6007e\">Send print requeest<\/a><\/div>\n<\/div>\n<\/div>\n\n\n\n<div class=\"wp-block-column is-layout-flow wp-block-column-is-layout-flow\" style=\"flex-basis:25%\"><\/div>\n<\/div>\n\n\n\n<div style=\"height:50px\" aria-hidden=\"true\" class=\"wp-block-spacer max-md:hidden\"><\/div>\n\n\n\n<div style=\"height:25px\" aria-hidden=\"true\" class=\"wp-block-spacer md:hidden\"><\/div>\n<\/div><\/div>\n\n\n\n<div style=\"height:50px\" aria-hidden=\"true\" class=\"wp-block-spacer max-md:hidden\"><\/div>\n\n\n\n<div style=\"height:25px\" aria-hidden=\"true\" class=\"wp-block-spacer md:hidden\"><\/div>\n\n\n\n<h2 class=\"wp-block-heading has-text-align-left has-large-font-size\">Un savant m\u00e9lange du m\u00e9tier d&rsquo;imprimeur et de solutions g\u00e9niales<\/h2>\n\n\n\n<p class=\"has-text-align-left\">reconnu par de nombreux clients locaux et \u00e9trangers parmi lesquels se trouvent : Styria, Plodine, la ville de Zagreb, Porsche Croatie, Toyota, Opel, Hrvatska Lutrija, Fina, Spar, Atlantic Grupa, Podravka, Belupo, L\u2019Or\u00e9al, Vichy, plusieurs Minist\u00e8res, les agences de publicit\u00e9 les plus renomm\u00e9es et de nombreux \u00e9diteurs et repr\u00e9sentants \u00e9trangers,\u2026<\/p>\n\n\n\n<div class=\"wp-block-columns is-layout-flex wp-container-core-columns-is-layout-9d6595d7 wp-block-columns-is-layout-flex\">\n<div class=\"wp-block-column is-layout-flow wp-block-column-is-layout-flow\" style=\"flex-basis:25%\"><\/div>\n\n\n\n<div class=\"wp-block-column is-layout-flow wp-block-column-is-layout-flow\" style=\"flex-basis:50%\">\n<div class=\"wp-block-buttons is-content-justification-center is-layout-flex wp-container-core-buttons-is-layout-16018d1d wp-block-buttons-is-layout-flex\">\n<div class=\"wp-block-button is-style-fill\"><a class=\"wp-block-button__link has-white-color has-text-color has-background has-text-align-center wp-element-button\" href=\"https:\/\/stega-tisak.hr\/fr\/category\/projets\/\" style=\"border-radius:0px;background-color:#e6007e\">Regardez nos projets<\/a><\/div>\n<\/div>\n<\/div>\n\n\n\n<div class=\"wp-block-column is-layout-flow wp-block-column-is-layout-flow\" style=\"flex-basis:25%\"><\/div>\n<\/div>\n\n\n\n<div style=\"height:50px\" aria-hidden=\"true\" class=\"wp-block-spacer max-md:hidden\"><\/div>\n\n\n\n<div style=\"height:25px\" aria-hidden=\"true\" class=\"wp-block-spacer md:hidden\"><\/div>\n\n\n\r\n    <div class=\"\" id=\"carousel-block_58841771153ae7458262c7ef299cfcb3\">\r\n\r\n        <div class=\"relative aspect-[4\/3] mb-6 md:aspect-video swiper-container bg-gray-800 overflow-hidden shadow-lg rounded alignfull\">\r\n            <div class=\"swiper-wrapper\">\r\n\r\n                                    <div class=\"swiper-slide\">\r\n                        <img decoding=\"async\" class=\"absolute object-cover object-center w-full h-full m-0\" src=\"https:\/\/stega-tisak.hr\/wp-content\/uploads\/2023\/07\/TEHNOLOGIJA_01-1-1600x900.jpg\" alt=\"\" \/>\r\n                    <\/div>\r\n                                    <div class=\"swiper-slide\">\r\n                        <img decoding=\"async\" class=\"absolute object-cover object-center w-full h-full m-0\" src=\"https:\/\/stega-tisak.hr\/wp-content\/uploads\/2023\/07\/MG_8553.jpg\" alt=\"\" \/>\r\n                    <\/div>\r\n                \r\n            <\/div>\r\n\r\n            <!-- Add Arrows -->\r\n            <div class=\"swiper-button-next\"><\/div>\r\n            <div class=\"swiper-button-prev\"><\/div>\r\n\r\n            <!-- Add Pagination -->\r\n            <div class=\"swiper-pagination\"><\/div>\r\n        <\/div>\r\n\r\n    <\/div>\r\n\r\n\n\n\n<div style=\"height:25px\" aria-hidden=\"true\" class=\"wp-block-spacer\"><\/div>\n\n\n\n<h2 class=\"wp-block-heading has-text-align-center has-large-font-size\">Les machines de la technologie de la globalisation<\/h2>\n\n\n\n<p>Chaque jour nous suivons de pr\u00e8s les \u00e9volutions, nous nous adaptons aux march\u00e9s et aux situations. C\u2019est ce qui garantit la satisfaction de nos clients et fait notre succ\u00e8s. Nous ne sommes pas un simple imprimeur parmi tant d\u2019autres. Nous proposons des solutions professionnelles int\u00e9gr\u00e9es, une approche transparente et la s\u00e9curit\u00e9 du suivi du projet de la simple id\u00e9e au produit fini.<\/p>\n\n\n\n<p>Nous investissons continuellement dans les personnes, leur formation, notre ligne de production compos\u00e9e de machines d\u2019impression et de finitions des derni\u00e8res g\u00e9n\u00e9rations associ\u00e9es aux derni\u00e8res avanc\u00e9es de l\u2019industrie de l\u2019impression. Citons par exemple l\u2019imprimante B1 5 couleurs KBA Rapida 105-5 + 2ALV avec extension vernissage \u00e0 vernis hydrodispersif et colom\u00e9trie en ligne qui garantit une impression et une qualit\u00e9 exceptionnelle pour toutes vos cartes, catalogues, prospectus et articles POS. Citons encore la machine offset 8 couleurs Heidelberg SX-102-8 P \u00e0 colom\u00e9trie en ligne qui garantit impression et qualit\u00e9 exceptionnelles avec grande capacit\u00e9 et modifications rapides pour vos magazines, flyers et monographies. Notre impression digitale Offset \u00e0 haute productivit\u00e9 pour des formats jusqu\u2019\u00e0 1020 X 330 m offre \u00e0 nos clients la possibilit\u00e9 de commander de petites \u00e9ditions de haute qualit\u00e9. L\u2019impression digitale de grands formats offre \u00e0 nos clients la possibilit\u00e9 de voir toutes leurs exigences remplies en un seul endroit.<\/p>\n\n\n\n<p>Nous poss\u00e9dons en outre une gamme compl\u00e8te de reliures et offrons la possibilit\u00e9 de pr\u00e9d\u00e9couper vos bo\u00eetes, cartes professionnelles et articles POS pr\u00e9f\u00e9r\u00e9s.<\/p>\n\n\n<div class=\"wp-block-image\">\n<figure class=\"aligncenter size-full\"><img loading=\"lazy\" decoding=\"async\" width=\"896\" height=\"231\" src=\"https:\/\/stega-tisak.hr\/wp-content\/uploads\/2023\/09\/stega-certifikati_1.jpg\" alt=\"\" class=\"wp-image-1673\" srcset=\"https:\/\/stega-tisak.hr\/wp-content\/uploads\/2023\/09\/stega-certifikati_1.jpg 896w, https:\/\/stega-tisak.hr\/wp-content\/uploads\/2023\/09\/stega-certifikati_1-300x77.jpg 300w, https:\/\/stega-tisak.hr\/wp-content\/uploads\/2023\/09\/stega-certifikati_1-768x198.jpg 768w\" sizes=\"auto, (max-width: 896px) 100vw, 896px\" \/><\/figure>\n<\/div>\n\n\n<div style=\"height:50px\" aria-hidden=\"true\" id=\"hit-singl\" class=\"wp-block-spacer max-md:hidden\"><\/div>\n\n\n\n<div style=\"height:25px\" aria-hidden=\"true\" id=\"hit-singl\" class=\"wp-block-spacer md:hidden\"><\/div>\n\n\n\n<h2 class=\"wp-block-heading has-text-align-center has-large-font-size\">Hit single<\/h2>\n\n\n\n<figure class=\"wp-block-embed is-type-rich is-provider-embed-handler wp-block-embed-embed-handler wp-embed-aspect-16-9 wp-has-aspect-ratio\"><div class=\"wp-block-embed__wrapper\">\n<iframe loading=\"lazy\" title=\"STOLE  - Stega Tisak\" width=\"1280\" height=\"720\" src=\"https:\/\/www.youtube.com\/embed\/C-6SLkEi5QA?feature=oembed\" frameborder=\"0\" allow=\"accelerometer; autoplay; clipboard-write; encrypted-media; gyroscope; picture-in-picture; web-share\" allowfullscreen><\/iframe>\n<\/div><\/figure>\n\n\n\n<div style=\"height:50px\" aria-hidden=\"true\" class=\"wp-block-spacer\"><\/div>\n\n\n\n<h2 class=\"wp-block-heading has-text-align-left has-large-font-size\">Carri\u00e8re<\/h2>\n\n\n\n<p class=\"has-text-align-left\">Notre souhait est de vous rencontrer et vous faire d\u00e9couvrir de plus pr\u00e8s notre projet \u00ab CROISSANCE ET D\u00c9VELOPPEMENT STG ! \u00bb, que nous avons con\u00e7u comme un outil de croissance et d\u00e9veloppement \u00e0 long terme au travers de nos employ\u00e9s.<\/p>\n\n\n\n<div class=\"wp-block-buttons is-content-justification-center is-layout-flex wp-container-core-buttons-is-layout-16018d1d wp-block-buttons-is-layout-flex\">\n<div class=\"wp-block-button is-style-fill\"><a class=\"wp-block-button__link has-white-color has-text-color has-background has-text-align-center wp-element-button\" href=\"https:\/\/stega-tisak.hr\/wp-content\/uploads\/2023\/05\/brosura_Razvoj_2022.pdf\" style=\"border-radius:0px;background-color:#e6007e\" target=\"_blank\" rel=\"noreferrer noopener\">Pour en savoir plus<\/a><\/div>\n<\/div>\n\n\n\n<div style=\"height:50px\" aria-hidden=\"true\" class=\"wp-block-spacer max-md:hidden\"><\/div>\n\n\n\n<div style=\"height:25px\" aria-hidden=\"true\" class=\"wp-block-spacer md:hidden\"><\/div>\n","protected":false},"excerpt":{"rendered":"<p>Un savant m\u00e9lange du m\u00e9tier d&rsquo;imprimeur et de solutions g\u00e9niales reconnu par de nombreux clients locaux et \u00e9trangers parmi lesquels se trouvent : Styria, Plodine, la ville de Zagreb, Porsche Croatie, Toyota, Opel, Hrvatska Lutrija, Fina, Spar, Atlantic Grupa, Podravka, Belupo, L\u2019Or\u00e9al, Vichy, plusieurs Minist\u00e8res, les agences de publicit\u00e9 les plus renomm\u00e9es et de nombreux [&hellip;]<\/p>\n","protected":false},"author":1,"featured_media":0,"parent":0,"menu_order":0,"comment_status":"closed","ping_status":"closed","template":"","meta":{"_acf_changed":false,"footnotes":""},"class_list":["post-1688","page","type-page","status-publish","hentry"],"acf":[],"yoast_head":"<!-- This site is optimized with the Yoast SEO plugin v27.3 - https:\/\/yoast.com\/product\/yoast-seo-wordpress\/ -->\n<title>Notre soci\u00e9t\u00e9 - Stega Tisak<\/title>\n<meta name=\"robots\" content=\"index, follow, max-snippet:-1, max-image-preview:large, max-video-preview:-1\" \/>\n<link rel=\"canonical\" href=\"https:\/\/stega-tisak.hr\/fr\/notre-societe\/\" \/>\n<meta property=\"og:locale\" content=\"fr_FR\" \/>\n<meta property=\"og:type\" content=\"article\" \/>\n<meta property=\"og:title\" content=\"Notre soci\u00e9t\u00e9 - Stega Tisak\" \/>\n<meta property=\"og:description\" content=\"Un savant m\u00e9lange du m\u00e9tier d&rsquo;imprimeur et de solutions g\u00e9niales reconnu par de nombreux clients locaux et \u00e9trangers parmi lesquels se trouvent : Styria, Plodine, la ville de Zagreb, Porsche Croatie, Toyota, Opel, Hrvatska Lutrija, Fina, Spar, Atlantic Grupa, Podravka, Belupo, L\u2019Or\u00e9al, Vichy, plusieurs Minist\u00e8res, les agences de publicit\u00e9 les plus renomm\u00e9es et de nombreux [&hellip;]\" \/>\n<meta property=\"og:url\" content=\"https:\/\/stega-tisak.hr\/fr\/notre-societe\/\" \/>\n<meta property=\"og:site_name\" content=\"Stega Tisak\" \/>\n<meta property=\"article:modified_time\" content=\"2024-03-11T11:24:53+00:00\" \/>\n<meta property=\"og:image\" content=\"https:\/\/stega-tisak.hr\/wp-content\/uploads\/2023\/05\/MG_0404.jpg\" \/>\n<meta name=\"twitter:card\" content=\"summary_large_image\" \/>\n<meta name=\"twitter:label1\" content=\"Dur\u00e9e de lecture estim\u00e9e\" \/>\n\t<meta name=\"twitter:data1\" content=\"4 minutes\" \/>\n<script type=\"application\/ld+json\" class=\"yoast-schema-graph\">{\"@context\":\"https:\\\/\\\/schema.org\",\"@graph\":[{\"@type\":\"WebPage\",\"@id\":\"https:\\\/\\\/stega-tisak.hr\\\/fr\\\/notre-societe\\\/\",\"url\":\"https:\\\/\\\/stega-tisak.hr\\\/fr\\\/notre-societe\\\/\",\"name\":\"Notre soci\u00e9t\u00e9 - Stega Tisak\",\"isPartOf\":{\"@id\":\"https:\\\/\\\/stega-tisak.hr\\\/#website\"},\"primaryImageOfPage\":{\"@id\":\"https:\\\/\\\/stega-tisak.hr\\\/fr\\\/notre-societe\\\/#primaryimage\"},\"image\":{\"@id\":\"https:\\\/\\\/stega-tisak.hr\\\/fr\\\/notre-societe\\\/#primaryimage\"},\"thumbnailUrl\":\"https:\\\/\\\/stega-tisak.hr\\\/wp-content\\\/uploads\\\/2023\\\/05\\\/MG_0404.jpg\",\"datePublished\":\"2023-05-23T11:00:03+00:00\",\"dateModified\":\"2024-03-11T11:24:53+00:00\",\"breadcrumb\":{\"@id\":\"https:\\\/\\\/stega-tisak.hr\\\/fr\\\/notre-societe\\\/#breadcrumb\"},\"inLanguage\":\"fr-FR\",\"potentialAction\":[{\"@type\":\"ReadAction\",\"target\":[\"https:\\\/\\\/stega-tisak.hr\\\/fr\\\/notre-societe\\\/\"]}]},{\"@type\":\"ImageObject\",\"inLanguage\":\"fr-FR\",\"@id\":\"https:\\\/\\\/stega-tisak.hr\\\/fr\\\/notre-societe\\\/#primaryimage\",\"url\":\"https:\\\/\\\/stega-tisak.hr\\\/wp-content\\\/uploads\\\/2023\\\/05\\\/MG_0404.jpg\",\"contentUrl\":\"https:\\\/\\\/stega-tisak.hr\\\/wp-content\\\/uploads\\\/2023\\\/05\\\/MG_0404.jpg\"},{\"@type\":\"BreadcrumbList\",\"@id\":\"https:\\\/\\\/stega-tisak.hr\\\/fr\\\/notre-societe\\\/#breadcrumb\",\"itemListElement\":[{\"@type\":\"ListItem\",\"position\":1,\"name\":\"Home\",\"item\":\"https:\\\/\\\/stega-tisak.hr\\\/fr\\\/\"},{\"@type\":\"ListItem\",\"position\":2,\"name\":\"Notre soci\u00e9t\u00e9\"}]},{\"@type\":\"WebSite\",\"@id\":\"https:\\\/\\\/stega-tisak.hr\\\/#website\",\"url\":\"https:\\\/\\\/stega-tisak.hr\\\/\",\"name\":\"Stega Tisak\",\"description\":\"Spoj Tiskarske struke i Genijalnih rje\u0161enja\",\"potentialAction\":[{\"@type\":\"SearchAction\",\"target\":{\"@type\":\"EntryPoint\",\"urlTemplate\":\"https:\\\/\\\/stega-tisak.hr\\\/?s={search_term_string}\"},\"query-input\":{\"@type\":\"PropertyValueSpecification\",\"valueRequired\":true,\"valueName\":\"search_term_string\"}}],\"inLanguage\":\"fr-FR\"}]}<\/script>\n<!-- \/ Yoast SEO plugin. -->","yoast_head_json":{"title":"Notre soci\u00e9t\u00e9 - Stega Tisak","robots":{"index":"index","follow":"follow","max-snippet":"max-snippet:-1","max-image-preview":"max-image-preview:large","max-video-preview":"max-video-preview:-1"},"canonical":"https:\/\/stega-tisak.hr\/fr\/notre-societe\/","og_locale":"fr_FR","og_type":"article","og_title":"Notre soci\u00e9t\u00e9 - Stega Tisak","og_description":"Un savant m\u00e9lange du m\u00e9tier d&rsquo;imprimeur et de solutions g\u00e9niales reconnu par de nombreux clients locaux et \u00e9trangers parmi lesquels se trouvent : Styria, Plodine, la ville de Zagreb, Porsche Croatie, Toyota, Opel, Hrvatska Lutrija, Fina, Spar, Atlantic Grupa, Podravka, Belupo, L\u2019Or\u00e9al, Vichy, plusieurs Minist\u00e8res, les agences de publicit\u00e9 les plus renomm\u00e9es et de nombreux [&hellip;]","og_url":"https:\/\/stega-tisak.hr\/fr\/notre-societe\/","og_site_name":"Stega Tisak","article_modified_time":"2024-03-11T11:24:53+00:00","og_image":[{"url":"https:\/\/stega-tisak.hr\/wp-content\/uploads\/2023\/05\/MG_0404.jpg","type":"","width":"","height":""}],"twitter_card":"summary_large_image","twitter_misc":{"Dur\u00e9e de lecture estim\u00e9e":"4 minutes"},"schema":{"@context":"https:\/\/schema.org","@graph":[{"@type":"WebPage","@id":"https:\/\/stega-tisak.hr\/fr\/notre-societe\/","url":"https:\/\/stega-tisak.hr\/fr\/notre-societe\/","name":"Notre soci\u00e9t\u00e9 - Stega Tisak","isPartOf":{"@id":"https:\/\/stega-tisak.hr\/#website"},"primaryImageOfPage":{"@id":"https:\/\/stega-tisak.hr\/fr\/notre-societe\/#primaryimage"},"image":{"@id":"https:\/\/stega-tisak.hr\/fr\/notre-societe\/#primaryimage"},"thumbnailUrl":"https:\/\/stega-tisak.hr\/wp-content\/uploads\/2023\/05\/MG_0404.jpg","datePublished":"2023-05-23T11:00:03+00:00","dateModified":"2024-03-11T11:24:53+00:00","breadcrumb":{"@id":"https:\/\/stega-tisak.hr\/fr\/notre-societe\/#breadcrumb"},"inLanguage":"fr-FR","potentialAction":[{"@type":"ReadAction","target":["https:\/\/stega-tisak.hr\/fr\/notre-societe\/"]}]},{"@type":"ImageObject","inLanguage":"fr-FR","@id":"https:\/\/stega-tisak.hr\/fr\/notre-societe\/#primaryimage","url":"https:\/\/stega-tisak.hr\/wp-content\/uploads\/2023\/05\/MG_0404.jpg","contentUrl":"https:\/\/stega-tisak.hr\/wp-content\/uploads\/2023\/05\/MG_0404.jpg"},{"@type":"BreadcrumbList","@id":"https:\/\/stega-tisak.hr\/fr\/notre-societe\/#breadcrumb","itemListElement":[{"@type":"ListItem","position":1,"name":"Home","item":"https:\/\/stega-tisak.hr\/fr\/"},{"@type":"ListItem","position":2,"name":"Notre soci\u00e9t\u00e9"}]},{"@type":"WebSite","@id":"https:\/\/stega-tisak.hr\/#website","url":"https:\/\/stega-tisak.hr\/","name":"Stega Tisak","description":"Spoj Tiskarske struke i Genijalnih rje\u0161enja","potentialAction":[{"@type":"SearchAction","target":{"@type":"EntryPoint","urlTemplate":"https:\/\/stega-tisak.hr\/?s={search_term_string}"},"query-input":{"@type":"PropertyValueSpecification","valueRequired":true,"valueName":"search_term_string"}}],"inLanguage":"fr-FR"}]}},"_links":{"self":[{"href":"https:\/\/stega-tisak.hr\/fr\/wp-json\/wp\/v2\/pages\/1688","targetHints":{"allow":["GET"]}}],"collection":[{"href":"https:\/\/stega-tisak.hr\/fr\/wp-json\/wp\/v2\/pages"}],"about":[{"href":"https:\/\/stega-tisak.hr\/fr\/wp-json\/wp\/v2\/types\/page"}],"author":[{"embeddable":true,"href":"https:\/\/stega-tisak.hr\/fr\/wp-json\/wp\/v2\/users\/1"}],"replies":[{"embeddable":true,"href":"https:\/\/stega-tisak.hr\/fr\/wp-json\/wp\/v2\/comments?post=1688"}],"version-history":[{"count":5,"href":"https:\/\/stega-tisak.hr\/fr\/wp-json\/wp\/v2\/pages\/1688\/revisions"}],"predecessor-version":[{"id":1900,"href":"https:\/\/stega-tisak.hr\/fr\/wp-json\/wp\/v2\/pages\/1688\/revisions\/1900"}],"wp:attachment":[{"href":"https:\/\/stega-tisak.hr\/fr\/wp-json\/wp\/v2\/media?parent=1688"}],"curies":[{"name":"wp","href":"https:\/\/api.w.org\/{rel}","templated":true}]}}