{"id":1690,"date":"2023-05-23T11:14:23","date_gmt":"2023-05-23T09:14:23","guid":{"rendered":"https:\/\/stega-tisak.hr\/press-inquiry\/"},"modified":"2024-03-11T12:03:17","modified_gmt":"2024-03-11T11:03:17","slug":"demande-dimpression","status":"publish","type":"page","link":"https:\/\/stega-tisak.hr\/fr\/demande-dimpression\/","title":{"rendered":"Demande d&rsquo;impression"},"content":{"rendered":"\n<div style=\"height:50px\" aria-hidden=\"true\" class=\"wp-block-spacer max-md:hidden\"><\/div>\n\n\n\n<div style=\"height:25px\" aria-hidden=\"true\" class=\"wp-block-spacer md:hidden\"><\/div>\n\n\n\n<h1 class=\"wp-block-heading\">La combinaison du m\u00e9tier d&rsquo;imprimeur et de solutions ing\u00e9nieuses<\/h1>\n\n\n\n<p>Reconnu par de nombreux clients nationaux et \u00e9trangers, dont&nbsp;:&nbsp;<strong>Styria, Plodine, City of Zagreb, Porsche Croatia, Toyota, Opel, Croatian Lottery, Fina, Spar, Atlantic Group, Podravka, Belupo, L&rsquo;Oreal, Vichy, Ministries, les agences de publicit\u00e9 les plus respectables, de nombreux \u00e9diteurs et bureaux de repr\u00e9sentation \u00e9trangers\u2026<\/strong><\/p>\n\n\n\n<div style=\"height:10px\" aria-hidden=\"true\" class=\"wp-block-spacer\"><\/div>\n\n\n\n<div class=\"wp-block-contact-form-7-contact-form-selector\">\n<div class=\"wpcf7 no-js\" id=\"wpcf7-f1820-o1\" lang=\"hr\" dir=\"ltr\" data-wpcf7-id=\"1820\">\n<div class=\"screen-reader-response\"><p role=\"status\" aria-live=\"polite\" aria-atomic=\"true\"><\/p> <ul><\/ul><\/div>\n<form action=\"\/fr\/wp-json\/wp\/v2\/pages\/1690#wpcf7-f1820-o1\" method=\"post\" class=\"wpcf7-form init\" aria-label=\"Kontakt obrazac\" novalidate=\"novalidate\" data-status=\"init\">\n<fieldset class=\"hidden-fields-container\"><input type=\"hidden\" name=\"_wpcf7\" value=\"1820\" \/><input type=\"hidden\" name=\"_wpcf7_version\" value=\"6.1.5\" \/><input type=\"hidden\" name=\"_wpcf7_locale\" value=\"hr\" \/><input type=\"hidden\" name=\"_wpcf7_unit_tag\" value=\"wpcf7-f1820-o1\" \/><input type=\"hidden\" name=\"_wpcf7_container_post\" value=\"0\" \/><input type=\"hidden\" name=\"_wpcf7_posted_data_hash\" value=\"\" \/><input type=\"hidden\" name=\"_wpcf7_recaptcha_response\" value=\"\" \/>\n<\/fieldset>\n<div class=\"fieldset\">\n<div class=\"field\"><label>D\u00e9nomination du client : <span class=\"wpcf7-form-control-wrap\" data-name=\"kupac\"><input size=\"40\" maxlength=\"400\" class=\"wpcf7-form-control wpcf7-text wpcf7-validates-as-required\" aria-required=\"true\" aria-invalid=\"false\" value=\"\" type=\"text\" name=\"kupac\" \/><\/span><\/label><\/div>\n<div class=\"field\"><label>OIB \/ SIRET <span class=\"wpcf7-form-control-wrap\" data-name=\"oib\"><input size=\"40\" maxlength=\"400\" class=\"wpcf7-form-control wpcf7-text wpcf7-validates-as-required\" aria-required=\"true\" aria-invalid=\"false\" value=\"\" type=\"text\" name=\"oib\" \/><\/span><\/label><\/div>\n<div class=\"field\"><label>Adresse <span class=\"wpcf7-form-control-wrap\" data-name=\"adresa\"><input size=\"40\" maxlength=\"400\" class=\"wpcf7-form-control wpcf7-text wpcf7-validates-as-required\" aria-required=\"true\" aria-invalid=\"false\" value=\"\" type=\"text\" name=\"adresa\" \/><\/span><\/label><\/div>\n<\/div>\n\n<div class=\"fieldset\">\n<div class=\"field\"><label>Votre e-mail <span class=\"wpcf7-form-control-wrap\" data-name=\"email\"><input size=\"40\" maxlength=\"400\" class=\"wpcf7-form-control wpcf7-text wpcf7-validates-as-required\" aria-required=\"true\" aria-invalid=\"false\" value=\"\" type=\"text\" name=\"email\" \/><\/span><\/label><\/div>\n<\/div>\n\n<div class=\"fieldset\">\n<div class=\"field\"><label>D\u00e9nomination produit : <span class=\"wpcf7-form-control-wrap\" data-name=\"proizvod\"><input size=\"40\" maxlength=\"400\" class=\"wpcf7-form-control wpcf7-text\" aria-invalid=\"false\" value=\"\" type=\"text\" name=\"proizvod\" \/><\/span><\/label><\/div>\n<div class=\"field\"><label>Format : <span class=\"wpcf7-form-control-wrap\" data-name=\"format\"><input size=\"40\" maxlength=\"400\" class=\"wpcf7-form-control wpcf7-text\" aria-invalid=\"false\" value=\"\" type=\"text\" name=\"format\" \/><\/span><\/label><\/div>\n<div class=\"field\"><label>Tirage : <span class=\"wpcf7-form-control-wrap\" data-name=\"naklada\"><input size=\"40\" maxlength=\"400\" class=\"wpcf7-form-control wpcf7-text\" aria-invalid=\"false\" value=\"\" type=\"text\" name=\"naklada\" \/><\/span><\/label><\/div>\n<\/div>\n\n<div class=\"fieldset\">\n<div class=\"field\"><label>Impression de bloc de livre : <span class=\"wpcf7-form-control-wrap\" data-name=\"kb\"><input size=\"40\" maxlength=\"400\" class=\"wpcf7-form-control wpcf7-text\" aria-invalid=\"false\" value=\"\" type=\"text\" name=\"kb\" \/><\/span><\/label><\/div>\n<div class=\"field\"><label>Type de papier et grammage : <span class=\"wpcf7-form-control-wrap\" data-name=\"papirkb\"><input size=\"40\" maxlength=\"400\" class=\"wpcf7-form-control wpcf7-text\" aria-invalid=\"false\" value=\"\" type=\"text\" name=\"papirkb\" \/><\/span><\/label><\/div>\n<div class=\"field\"><label>Etendue : <span class=\"wpcf7-form-control-wrap\" data-name=\"opseg\"><input size=\"40\" maxlength=\"400\" class=\"wpcf7-form-control wpcf7-text\" aria-invalid=\"false\" value=\"\" type=\"text\" name=\"opseg\" \/><\/span><\/label><\/div>\n<\/div>\n\n<div class=\"fieldset\">\n<div class=\"field\"><label>Impression de couverture : <span class=\"wpcf7-form-control-wrap\" data-name=\"omot\"><input size=\"40\" maxlength=\"400\" class=\"wpcf7-form-control wpcf7-text\" aria-invalid=\"false\" value=\"\" type=\"text\" name=\"omot\" \/><\/span><\/label><\/div>\n<div class=\"field\"><label>Type de papier et grammage : <span class=\"wpcf7-form-control-wrap\" data-name=\"papiromot\"><input size=\"40\" maxlength=\"400\" class=\"wpcf7-form-control wpcf7-text\" aria-invalid=\"false\" value=\"\" type=\"text\" name=\"papiromot\" \/><\/span><\/label><\/div>\n<div class=\"field\"><label>Plastification de couverture : <span class=\"wpcf7-form-control-wrap\" data-name=\"plastifikacija\"><input size=\"40\" maxlength=\"400\" class=\"wpcf7-form-control wpcf7-text\" aria-invalid=\"false\" value=\"\" type=\"text\" name=\"plastifikacija\" \/><\/span><\/label><\/div>\n<\/div>\n\n<div class=\"fieldset\">\n<div class=\"field\"><label>Type de reliure : <span class=\"wpcf7-form-control-wrap\" data-name=\"uvez\"><input size=\"40\" maxlength=\"400\" class=\"wpcf7-form-control wpcf7-text\" aria-invalid=\"false\" value=\"\" type=\"text\" name=\"uvez\" \/><\/span><\/label><\/div>\n<div class=\"field\"><label>Finitions : <span class=\"wpcf7-form-control-wrap\" data-name=\"dorada\"><input size=\"40\" maxlength=\"400\" class=\"wpcf7-form-control wpcf7-text\" aria-invalid=\"false\" value=\"\" type=\"text\" name=\"dorada\" \/><\/span><\/label><\/div>\n<\/div>\n\n<div class=\"w-full\"><span class=\"wpcf7-form-control-wrap\" data-name=\"your-consent\"><span class=\"wpcf7-form-control wpcf7-acceptance\"><span class=\"wpcf7-list-item\"><label><input type=\"checkbox\" name=\"your-consent\" value=\"1\" aria-invalid=\"false\" \/><span class=\"wpcf7-list-item-label\">J\u2019accepte que STEGA TISAK d.o.o. recueille, conserve, utilise et traite mes donn\u00e9es personnelles rendues disponibles ici et ce uniquement dans le but d\u2019apporter une r\u00e9ponse ad\u00e9quate et je d\u00e9clare \u00eatre inform\u00e9\/e de mes droits concernant la protection des donn\u00e9es personnelles et tout particuli\u00e8rement de mon droit \u00e0 retirer mon consentement \u00e0 n\u2019importe quel moment. Je pr\u00e9cise que dans l\u2019exercice de mes droits, je me r\u00e9serve celui de contacter STEGA TISAK d.o.o. ainsi que l\u2019Agence pour la Protection des Donn\u00e9es Personnelles afin que STEGA TISAK d.o.o. efface de fa\u00e7on d\u00e9finitive mes donn\u00e9es personnelles d\u00e8s la fin de nos communications et que je suis au fait de la politique de protection des donn\u00e9es personnelles de STEGA TISAK d.o.o.<\/span><\/label><\/span><\/span><\/span><\/div>\n\n<input class=\"wpcf7-form-control wpcf7-submit has-spinner btn btn-primary\" type=\"submit\" value=\"Envoi\" \/><div class=\"wpcf7-response-output\" aria-hidden=\"true\"><\/div>\n<\/form>\n<\/div>\n<\/div>\n\n\n\n<div style=\"height:50px\" aria-hidden=\"true\" class=\"wp-block-spacer\"><\/div>\n","protected":false},"excerpt":{"rendered":"<p>La combinaison du m\u00e9tier d&rsquo;imprimeur et de solutions ing\u00e9nieuses Reconnu par de nombreux clients nationaux et \u00e9trangers, dont&nbsp;:&nbsp;Styria, Plodine, City of Zagreb, Porsche Croatia, Toyota, Opel, Croatian Lottery, Fina, Spar, Atlantic Group, Podravka, Belupo, L&rsquo;Oreal, Vichy, Ministries, les agences de publicit\u00e9 les plus respectables, de nombreux \u00e9diteurs et bureaux de repr\u00e9sentation \u00e9trangers\u2026<\/p>\n","protected":false},"author":1,"featured_media":0,"parent":0,"menu_order":0,"comment_status":"closed","ping_status":"closed","template":"","meta":{"_acf_changed":false,"footnotes":""},"class_list":["post-1690","page","type-page","status-publish","hentry"],"acf":[],"yoast_head":"<!-- This site is optimized with the Yoast SEO plugin v27.5 - https:\/\/yoast.com\/product\/yoast-seo-wordpress\/ -->\n<title>Demande d&#039;impression - Stega Tisak<\/title>\n<meta name=\"robots\" content=\"index, follow, max-snippet:-1, max-image-preview:large, max-video-preview:-1\" \/>\n<link rel=\"canonical\" href=\"https:\/\/stega-tisak.hr\/fr\/demande-dimpression\/\" \/>\n<meta property=\"og:locale\" content=\"fr_FR\" \/>\n<meta property=\"og:type\" content=\"article\" \/>\n<meta property=\"og:title\" content=\"Demande d&#039;impression - Stega Tisak\" \/>\n<meta property=\"og:description\" content=\"La combinaison du m\u00e9tier d&rsquo;imprimeur et de solutions ing\u00e9nieuses Reconnu par de nombreux clients nationaux et \u00e9trangers, dont&nbsp;:&nbsp;Styria, Plodine, City of Zagreb, Porsche Croatia, Toyota, Opel, Croatian Lottery, Fina, Spar, Atlantic Group, Podravka, Belupo, L&rsquo;Oreal, Vichy, Ministries, les agences de publicit\u00e9 les plus respectables, de nombreux \u00e9diteurs et bureaux de repr\u00e9sentation \u00e9trangers\u2026\" \/>\n<meta property=\"og:url\" content=\"https:\/\/stega-tisak.hr\/fr\/demande-dimpression\/\" \/>\n<meta property=\"og:site_name\" content=\"Stega Tisak\" \/>\n<meta property=\"article:modified_time\" content=\"2024-03-11T11:03:17+00:00\" \/>\n<meta name=\"twitter:card\" content=\"summary_large_image\" \/>\n<meta name=\"twitter:label1\" content=\"Dur\u00e9e de lecture estim\u00e9e\" \/>\n\t<meta name=\"twitter:data1\" content=\"1 minute\" \/>\n<script type=\"application\/ld+json\" class=\"yoast-schema-graph\">{\"@context\":\"https:\\\/\\\/schema.org\",\"@graph\":[{\"@type\":\"WebPage\",\"@id\":\"https:\\\/\\\/stega-tisak.hr\\\/fr\\\/demande-dimpression\\\/\",\"url\":\"https:\\\/\\\/stega-tisak.hr\\\/fr\\\/demande-dimpression\\\/\",\"name\":\"Demande d'impression - Stega Tisak\",\"isPartOf\":{\"@id\":\"https:\\\/\\\/stega-tisak.hr\\\/#website\"},\"datePublished\":\"2023-05-23T09:14:23+00:00\",\"dateModified\":\"2024-03-11T11:03:17+00:00\",\"breadcrumb\":{\"@id\":\"https:\\\/\\\/stega-tisak.hr\\\/fr\\\/demande-dimpression\\\/#breadcrumb\"},\"inLanguage\":\"fr-FR\",\"potentialAction\":[{\"@type\":\"ReadAction\",\"target\":[\"https:\\\/\\\/stega-tisak.hr\\\/fr\\\/demande-dimpression\\\/\"]}]},{\"@type\":\"BreadcrumbList\",\"@id\":\"https:\\\/\\\/stega-tisak.hr\\\/fr\\\/demande-dimpression\\\/#breadcrumb\",\"itemListElement\":[{\"@type\":\"ListItem\",\"position\":1,\"name\":\"Home\",\"item\":\"https:\\\/\\\/stega-tisak.hr\\\/fr\\\/\"},{\"@type\":\"ListItem\",\"position\":2,\"name\":\"Demande d&#8217;impression\"}]},{\"@type\":\"WebSite\",\"@id\":\"https:\\\/\\\/stega-tisak.hr\\\/#website\",\"url\":\"https:\\\/\\\/stega-tisak.hr\\\/\",\"name\":\"Stega Tisak\",\"description\":\"Spoj Tiskarske struke i Genijalnih rje\u0161enja\",\"potentialAction\":[{\"@type\":\"SearchAction\",\"target\":{\"@type\":\"EntryPoint\",\"urlTemplate\":\"https:\\\/\\\/stega-tisak.hr\\\/?s={search_term_string}\"},\"query-input\":{\"@type\":\"PropertyValueSpecification\",\"valueRequired\":true,\"valueName\":\"search_term_string\"}}],\"inLanguage\":\"fr-FR\"}]}<\/script>\n<!-- \/ Yoast SEO plugin. -->","yoast_head_json":{"title":"Demande d'impression - Stega Tisak","robots":{"index":"index","follow":"follow","max-snippet":"max-snippet:-1","max-image-preview":"max-image-preview:large","max-video-preview":"max-video-preview:-1"},"canonical":"https:\/\/stega-tisak.hr\/fr\/demande-dimpression\/","og_locale":"fr_FR","og_type":"article","og_title":"Demande d'impression - Stega Tisak","og_description":"La combinaison du m\u00e9tier d&rsquo;imprimeur et de solutions ing\u00e9nieuses Reconnu par de nombreux clients nationaux et \u00e9trangers, dont&nbsp;:&nbsp;Styria, Plodine, City of Zagreb, Porsche Croatia, Toyota, Opel, Croatian Lottery, Fina, Spar, Atlantic Group, Podravka, Belupo, L&rsquo;Oreal, Vichy, Ministries, les agences de publicit\u00e9 les plus respectables, de nombreux \u00e9diteurs et bureaux de repr\u00e9sentation \u00e9trangers\u2026","og_url":"https:\/\/stega-tisak.hr\/fr\/demande-dimpression\/","og_site_name":"Stega Tisak","article_modified_time":"2024-03-11T11:03:17+00:00","twitter_card":"summary_large_image","twitter_misc":{"Dur\u00e9e de lecture estim\u00e9e":"1 minute"},"schema":{"@context":"https:\/\/schema.org","@graph":[{"@type":"WebPage","@id":"https:\/\/stega-tisak.hr\/fr\/demande-dimpression\/","url":"https:\/\/stega-tisak.hr\/fr\/demande-dimpression\/","name":"Demande d'impression - Stega Tisak","isPartOf":{"@id":"https:\/\/stega-tisak.hr\/#website"},"datePublished":"2023-05-23T09:14:23+00:00","dateModified":"2024-03-11T11:03:17+00:00","breadcrumb":{"@id":"https:\/\/stega-tisak.hr\/fr\/demande-dimpression\/#breadcrumb"},"inLanguage":"fr-FR","potentialAction":[{"@type":"ReadAction","target":["https:\/\/stega-tisak.hr\/fr\/demande-dimpression\/"]}]},{"@type":"BreadcrumbList","@id":"https:\/\/stega-tisak.hr\/fr\/demande-dimpression\/#breadcrumb","itemListElement":[{"@type":"ListItem","position":1,"name":"Home","item":"https:\/\/stega-tisak.hr\/fr\/"},{"@type":"ListItem","position":2,"name":"Demande d&#8217;impression"}]},{"@type":"WebSite","@id":"https:\/\/stega-tisak.hr\/#website","url":"https:\/\/stega-tisak.hr\/","name":"Stega Tisak","description":"Spoj Tiskarske struke i Genijalnih rje\u0161enja","potentialAction":[{"@type":"SearchAction","target":{"@type":"EntryPoint","urlTemplate":"https:\/\/stega-tisak.hr\/?s={search_term_string}"},"query-input":{"@type":"PropertyValueSpecification","valueRequired":true,"valueName":"search_term_string"}}],"inLanguage":"fr-FR"}]}},"_links":{"self":[{"href":"https:\/\/stega-tisak.hr\/fr\/wp-json\/wp\/v2\/pages\/1690","targetHints":{"allow":["GET"]}}],"collection":[{"href":"https:\/\/stega-tisak.hr\/fr\/wp-json\/wp\/v2\/pages"}],"about":[{"href":"https:\/\/stega-tisak.hr\/fr\/wp-json\/wp\/v2\/types\/page"}],"author":[{"embeddable":true,"href":"https:\/\/stega-tisak.hr\/fr\/wp-json\/wp\/v2\/users\/1"}],"replies":[{"embeddable":true,"href":"https:\/\/stega-tisak.hr\/fr\/wp-json\/wp\/v2\/comments?post=1690"}],"version-history":[{"count":3,"href":"https:\/\/stega-tisak.hr\/fr\/wp-json\/wp\/v2\/pages\/1690\/revisions"}],"predecessor-version":[{"id":1889,"href":"https:\/\/stega-tisak.hr\/fr\/wp-json\/wp\/v2\/pages\/1690\/revisions\/1889"}],"wp:attachment":[{"href":"https:\/\/stega-tisak.hr\/fr\/wp-json\/wp\/v2\/media?parent=1690"}],"curies":[{"name":"wp","href":"https:\/\/api.w.org\/{rel}","templated":true}]}}