{"id":1693,"date":"2023-05-22T15:14:06","date_gmt":"2023-05-22T13:14:06","guid":{"rendered":"https:\/\/stega-tisak.hr\/politika-zastite-osobnih-podataka\/"},"modified":"2024-03-01T11:12:30","modified_gmt":"2024-03-01T10:12:30","slug":"politika-zastite-osobnih-podataka","status":"publish","type":"page","link":"https:\/\/stega-tisak.hr\/fr\/politika-zastite-osobnih-podataka\/","title":{"rendered":"POLITIQUE DE PROTECTION DES DONN\u00c9ES PERSONNELLES DE LA SOCI\u00c9T\u00c9 STEGA TISAK d.o.o."},"content":{"rendered":"\n<div style=\"height:50px\" aria-hidden=\"true\" class=\"wp-block-spacer\"><\/div>\n\n\n\n<h1 class=\"wp-block-heading\">POLITIQUE DE PROTECTION DES DONN\u00c9ES PERSONNELLES DE LA SOCI\u00c9T\u00c9 STEGA TISAK d.o.o.<\/h1>\n\n\n\n<p>Nous, la soci\u00e9t\u00e9 STEGA TISAK d.o.o. (ci-apr\u00e8s : la \u00ab Soci\u00e9t\u00e9 \u00bb) prenons tr\u00e8s au s\u00e9rieux la protection de vos donn\u00e9es personnelles et respectons \u00e0 la lettre les dispositions de la D\u00e9cision (EU) 2016\/679 du Parlement Europ\u00e9en et du conseil de l\u2019Europe en date du 27 avril 2016 sur la protection des individus concernant le traitement des donn\u00e9es personnelles et la libert\u00e9 de circulation desdites donn\u00e9es ainsi qu\u2019\u00e0 l\u2019abrogation de la Directive 95\/46\/EZ (ci-apr\u00e8s : la \u00ab Directive \u00bb et des autres textes pr\u00e9c\u00e9demment applicables.<\/p>\n\n\n\n<h2 class=\"wp-block-heading\">I. DISPOSITIONS FONDAMENTALES : PORT\u00c9E ET OBJECTIFS<\/h2>\n\n\n\n<p>La protection des donn\u00e9es occupe une place importante dans les activit\u00e9s de la Soci\u00e9t\u00e9 qui, dans ses affaires quotidiennes recueille et traite les donn\u00e9es personnelles de ses clients, employ\u00e9s, partenaires d\u2019affaires et autres tiers avec lesquels elle collabore (ci-apr\u00e8s : les \u00ab Tiers \u00bb).<\/p>\n\n\n\n<p>La politique de protection des donn\u00e9es personnelles (ci-apr\u00e8s : la \u00ab Politique \u00bb) est l\u2019acte fondamental d\u00e9crivant les propos et objectifs de la collecte, du traitement et de la gestion des donn\u00e9es personnelles au sein de la Soci\u00e9t\u00e9, et qui garantit un niveau suffisant de protection des donn\u00e9es conform\u00e9ment \u00e0 la Directive et autres lois en vigueur concernant la protection des donn\u00e9es personnelles.<\/p>\n\n\n\n<p>Cette Politique s\u2019applique \u00e0 tout traitement de donn\u00e9es personnelles au sein de la Soci\u00e9t\u00e9 hormis dans les cas de traitement de donn\u00e9es anonymes ou lorsque les donn\u00e9es en question sont de nature \u00e0 ne subir qu\u2019une simple analyse statistique qui ne permet pas d\u2019identifier un individu particulier.<\/p>\n\n\n\n<h2 class=\"wp-block-heading\">II. COLLECTE ET TRAITEMENT<\/h2>\n\n\n\n<p>Est consid\u00e9r\u00e9e comme donn\u00e9e personnelle toute donn\u00e9e qui confirme ou pourrait confirmer votre identit\u00e9 comme par exemple : nom, pr\u00e9nom, adresse, e-mail, etc.<\/p>\n\n\n\n<p>Selon le type d\u2019utilisation des donn\u00e9es, la base juridique de traitement de vos donn\u00e9es peut \u00eatre:<\/p>\n\n\n\n<ul class=\"wp-block-list\">\n<li>Votre <strong>accord<\/strong>,<\/li>\n\n\n\n<li>Notre int\u00e9r\u00eat l\u00e9gitime qui peut \u00eatre:\n<ul class=\"wp-block-list\">\n<li>L\u2019am\u00e9lioration de nos produits et services : plus pr\u00e9cis\u00e9ment nos int\u00e9r\u00eats professionnels qui nous aident \u00e0 mieux comprendre vos besoins et attentes et de ce fait \u00e0 am\u00e9liorer nos services, notre site Internet, nos produits et marques, le tout au service du consommateur,<\/li>\n\n\n\n<li>Emp\u00eacher les fraudes : v\u00e9rification de l&rsquo;int\u00e9gralit\u00e9 d\u2019un paiement et l&rsquo;absence de fraude et de d\u00e9tournement de fonds,<\/li>\n\n\n\n<li>o S\u00e9curisation de l\u2019outil : garder les outils utilis\u00e9s (sites Internet) s\u00fbrs \u00e0 utiliser et conformes et garantir leur am\u00e9lioration continue,<\/li>\n<\/ul>\n<\/li>\n\n\n\n<li><strong>L\u2019ex\u00e9cution du contrat<\/strong>: ou plus pr\u00e9cis\u00e9ment l\u2019ex\u00e9cution du service que vous avez sollicit\u00e9,<\/li>\n\n\n\n<li><strong>Le cadre juridique<\/strong> exigeant un traitement des donn\u00e9es au nom de la Loi.<\/li>\n<\/ul>\n\n\n\n<p>Afin que la Soci\u00e9t\u00e9 soit en mesure de fournir au Tiers\/Client, partenaire professionnel un service, il est n\u00e9cessaire de traiter un ensemble de donn\u00e9es minimales indispensables \u00e0 la bonne ex\u00e9cution de certains services. Dans le cas contraire, soit si le Tiers refuse de transmettre l\u2019ensemble des donn\u00e9es requises, la Soci\u00e9t\u00e9 ne sera pas en mesure de lui fournir le service requis.<\/p>\n\n\n\n<p>Les informations collect\u00e9es lors de la transaction peuvent \u00eatre utilis\u00e9es pour vous contacter afin que vous terminiez votre commande pas encore achev\u00e9e, vous envoyer des informations sur la disponibilit\u00e9 de certains produits\/services que vous souhaitiez acqu\u00e9rir, suivre et traiter votre commande y compris la livraison des produits \u00e0 l\u2019adresse indiqu\u00e9e, g\u00e9rer le paiement de la commande, g\u00e9rer les contacts avec vous au sujet de votre commande \u2013 <strong>ex\u00e9cution du contrat\u00a0: pour assurer le service requis par vous (achat)<\/strong>, protection de la transaction contre les fraudes (nous signalons que nous utilisons des solutions fournies par des tiers pour d\u00e9tecter la fraude et garantir l\u2019int\u00e9gralit\u00e9 du paiement et que ce dernier a bien \u00e9t\u00e9 effectu\u00e9 par vous ou la personne mandat\u00e9e par vos soins pour effectuer le paiement), mesurer votre satisfaction, g\u00e9rer les \u00e9ventuels litiges relatifs aux achats et \u00e0 des fins statistiques \u2013 <strong>int\u00e9r\u00eat l\u00e9gitime : pour la protection contre les malversations et l\u2019assurance que le paiement a \u00e9t\u00e9 effectu\u00e9 en entier et sans malversations.<\/strong><\/p>\n\n\n\n<p>Sur ses sites Internet, la Soci\u00e9t\u00e9 offre la possibilit\u00e9 de lui poser des questions et de remplir des enqu\u00eates sur la qualit\u00e9 des services effectu\u00e9s par la Soci\u00e9t\u00e9 et, de ce fait, le Tiers ne peut renvoyer un formulaire rempli\/une enqu\u00eate qu\u2019apr\u00e8s avoir coch\u00e9 la case pr\u00e9vue \u00e0 cet effet pour donner son consentement expr\u00e8s et libre pour la collecte, l\u2019archivage et le traitement des donn\u00e9es personnelles et la r\u00e9alisation d\u2019autres types de traitements ainsi que dans le but d\u2019apporter des r\u00e9ponses aux questions pos\u00e9es soit pour enqu\u00eate de satisfaction aupr\u00e8s du Tiers\/Client, des partenaires professionnels en termes de qualit\u00e9 de service apport\u00e9e par la Soci\u00e9t\u00e9.<\/p>\n\n\n\n<p>Si vous souhaitez rejoindre l\u2019\u00e9quipe professionnelle de la Soci\u00e9t\u00e9, nous vous prierons, avant m\u00eame de nous soumettre votre curriculum vit\u00e6, votre lettre de motivation ou tout autre document similaire, de nous donner votre consentement libre et expr\u00e8s pour le traitement de vos donn\u00e9es personnelles contenues dans les documents en question afin de d\u00e9terminer les qualifications professionnelles d&rsquo;un employ\u00e9 potentiel par rapport \u00e0 un poste publi\u00e9.<\/p>\n\n\n\n<p>La Soci\u00e9t\u00e9 garantit \u00e0 ses employ\u00e9s la protection de leurs donn\u00e9es personnelles, d\u2019autant plus qu\u2019elle est en outre r\u00e9gie par les actes internes de la Soci\u00e9t\u00e9 et par le Code du Travail.<\/p>\n\n\n\n<p>La Soci\u00e9t\u00e9 proc\u00e8de \u00e0 une suppression d\u00e9finitive des donn\u00e9es personnelles d\u00e8s que cesse la raison pour laquelle lesdites donn\u00e9es ont \u00e9t\u00e9 collect\u00e9es.<\/p>\n\n\n\n<h2 class=\"wp-block-heading\">III. DROITS DES TIERS<\/h2>\n\n\n\n<p>Les donn\u00e9es personnelles sont la propri\u00e9t\u00e9 des Tiers et donc bien qu\u2019elles soient indispensables \u00e0 l\u2019ex\u00e9cution d\u2019un service, tout Tiers peut \u00e0 tout moment se r\u00e9server certains droits concernant le traitement des donn\u00e9es personnelles.<\/p>\n\n\n\n<p>Lors de la collecte des donn\u00e9es aupr\u00e8s du Tiers, la Soci\u00e9t\u00e9 fournira les informations suivantes\u00a0: identit\u00e9 et contact du responsable du traitement des donn\u00e9es, donn\u00e9es de contact de l\u2019employ\u00e9 responsable de la protection des donn\u00e9es (si pertinent), objectifs du traitement des donn\u00e9es pour lequel les donn\u00e9es personnelles seront utilis\u00e9es et personne morale responsable du traitement, int\u00e9r\u00eats l\u00e9gitimes, destinataires ou cat\u00e9gories de destinataires de donn\u00e9es personnelles, intention de transf\u00e9rer les donn\u00e9es personnelles vers des pays tiers (le cas \u00e9ch\u00e9ant), p\u00e9riode de conservation des donn\u00e9es et crit\u00e8res d\u00e9finissant ladite p\u00e9riode, existence \u00e9ventuelle d\u2019une prise de d\u00e9cision automatique sous-entendant la cr\u00e9ation de profils, information sur le fait que la remise des donn\u00e9es personnelles est l\u00e9gale ou une obligation l\u00e9gale ou une condition \u00e0 la signature d\u2019un contrat et les cons\u00e9quences si lesdites donn\u00e9es n\u2019\u00e9taient pas remises, et enfin l&rsquo;existence des droits \u00e9num\u00e9r\u00e9s ci-dessous. Dans le cas o\u00f9 les donn\u00e9es ne seraient pas collect\u00e9es directement aupr\u00e8s du Tiers, outre les donn\u00e9es susmentionn\u00e9es, la provenance des donn\u00e9es personnelles doit \u00eatre mentionn\u00e9e.<\/p>\n\n\n\n<p>Le Tiers exerce les droits suivants conform\u00e9ment aux conditions pr\u00e9vues par la Directive:<\/p>\n\n\n\n<ol class=\"wp-block-list\">\n<li>Droit de retirer son accord \u00e0 n\u2019importe quel moment sans que cela ne nuise \u00e0 la l\u00e9galit\u00e9 du traitement reposant sur l\u2019accord donn\u00e9 avant d\u2019\u00eatre retir\u00e9,<\/li>\n\n\n\n<li>Droit \u00e0 l\u2019acc\u00e8s \u00e0 ses donn\u00e9es personnelles,<\/li>\n\n\n\n<li>Droit de modification de ses donn\u00e9es personnelles,<\/li>\n\n\n\n<li>Droit de suppression de ses donn\u00e9es personnelles,<\/li>\n\n\n\n<li>Droit de limiter le traitement de ses donn\u00e9es;<\/li>\n\n\n\n<li>Droit d\u2019\u00e9mettre une objection \u00e0 l\u2019encontre du traitement par la Soci\u00e9t\u00e9 et\/ou l\u2019Agence pour la Protection des Donn\u00e9es Personnelles,<\/li>\n\n\n\n<li>Droit de transfert de ses donn\u00e9es personnelles.<\/li>\n<\/ol>\n\n\n\n<h2 class=\"wp-block-heading\">IV. DROIT D\u2019INFORMATION<\/h2>\n\n\n\n<p>Toutes les informations relatives \u00e0 vos droits, \u00e0 la collecte et au traitement de vos donn\u00e9es personnelles peuvent \u00eatre obtenues aupr\u00e8s de notre employ\u00e9 responsable de la protection des donn\u00e9es personnelles par e-mail: <a href=\"mailto:upit@stega-tisak.hr\">upit@stega-tisak.hr<\/a>.<\/p>\n\n\n\n<h2 class=\"wp-block-heading\">V. COLLECTE ANONYME DE DONNE\u00c9ES SUR NOTRE SITE INTERNET<\/h2>\n\n\n\n<ul class=\"wp-block-list\">\n<li>Votre navigateur transmet des informations qui sont automatiquement collect\u00e9es et stock\u00e9es dans des fichiers journaux sur le serveur de la Soci\u00e9t\u00e9. Il s\u2019agit, par exemple d\u2019informations concernant:<\/li>\n\n\n\n<li>le type\/la version du navigateur et du syst\u00e8me d&rsquo;exploitation utilis\u00e9,<\/li>\n\n\n\n<li>l\u2019adresse d\u2019identification URL (site Internet pr\u00e9c\u00e9demment visit\u00e9),<\/li>\n\n\n\n<li>le nom d\u2019h\u00f4te de l\u2019ordinateur d\u2019acc\u00e8s (adresse IP),<\/li>\n\n\n\n<li>les heures de requ\u00eates informatiques.<\/li>\n<\/ul>\n\n\n\n<p>Ce sont des donn\u00e9es que la Soci\u00e9t\u00e9 ne peut associer \u00e0 une personne. Ces donn\u00e9es ne sont pas fusionn\u00e9es avec d&rsquo;autres sources de donn\u00e9es et sont supprim\u00e9es apr\u00e8s analyse statistique.<\/p>\n\n\n\n<h2 class=\"wp-block-heading\">VI. COOKIES<\/h2>\n\n\n\n<p>Notre site Internet utilise des cookies en plusieurs endroits. Ils nous aident \u00e0 adapter nos offres pour les rendre plus acceptables, efficaces et s\u00fbres. Les cookies sont de petits fichiers de texte qui sont transf\u00e9r\u00e9s sur votre ordinateur et que votre navigateur stocke. La plupart des cookies utilis\u00e9s sont des \u00ab\u00a0cookies de session\u00a0\u00bb qui sont effac\u00e9s apr\u00e8s votre visite. Les cookies n\u2019endommagent pas votre ordinateur et ne contiennent aucun virus.<br><\/p>\n\n\n\n<h2 class=\"wp-block-heading\">VII. S\u00c9CURIT\u00c9<\/h2>\n\n\n\n<p>La Soci\u00e9t\u00e9 prend en permanence toutes les mesures techniques et organisationnelles afin de prot\u00e9ger vos donn\u00e9es personnelles. Vos donn\u00e9es sont ainsi prot\u00e9g\u00e9es contre les risques de perte, destruction, modification\/falsification, manipulation et acc\u00e8s non autoris\u00e9.<\/p>\n\n\n\n<p>La Soci\u00e9t\u00e9 n\u2019autorise en aucun cas la collecte, le traitement ou l\u2019utilisation non autoris\u00e9s de donn\u00e9es personnelles. On applique la r\u00e8gle de limitation de l\u2019acc\u00e8s aux donn\u00e9es \u00e0 celles qui sont n\u00e9cessaires \u00e0 l\u2019ex\u00e9cution de taches professionnelles pr\u00e9cises soit celles n\u00e9cessaires \u00e0 atteindre l\u2019objectif pour lequel ces donn\u00e9es ont \u00e9t\u00e9 fournies. Il est strictement interdit aux employ\u00e9s de la Soci\u00e9t\u00e9 d\u2019utiliser les donn\u00e9es personnelles des Tiers \u00e0 des fins autres que celles pour lesquelles elles ont \u00e9t\u00e9 collect\u00e9es sauf si les Tiers sont inform\u00e9s de ce nouvel objet et s\u2019ils ont, si besoin est, donn\u00e9 leur accord.<\/p>\n\n\n\n<p>Les m\u00e9canismes de protection des donn\u00e9es personnelles au sein de la Soci\u00e9t\u00e9 s\u2019appliquent quelle que soit la forme sous laquelle elles sont conserv\u00e9es\u00a0: papier ou format \u00e9lectronique.<\/p>\n\n\n\n<h2 class=\"wp-block-heading\">VIII. VIOLATION DES DONN\u00c9ES PERSONNELLES<\/h2>\n\n\n\n<p>Tous les employ\u00e9s de la Soci\u00e9t\u00e9 ont l\u2019obligation d\u2019informer la personne responsable de tout incident concernant la protection des donn\u00e9es personnelles et dans le cas de violation des donn\u00e9es personnelles la Soci\u00e9t\u00e9 est tenue de d\u00e9clarer celle-ci aupr\u00e8s de l\u2019Agence pour la Protection des Donn\u00e9es Personnelles dans les 72 heures apr\u00e8s avoir \u00e9t\u00e9 inform\u00e9 de ladite violation si c\u2019est du domaine du possible. De m\u00eame, en cas de violation des donn\u00e9es personnelles fortement susceptible d\u2019entrainer un risque important pour les droits et la libert\u00e9 des individus, la Soci\u00e9t\u00e9 se doit d\u2019en informer les Tiers dans les plus brefs d\u00e9lais.<br><\/p>\n\n\n\n<h2 class=\"wp-block-heading\">IX. CONTACT<\/h2>\n\n\n\n<p>STEGA TISAK d.o.o.<br>Heinzelova 60\/I<br>10 000 Zagreb \u2013 Croatie<br>e-mail: <a href=\"mailto:upit@stega-tisak.hr\">upit@stega-tisak.hr<\/a><br>T. : +385 1 6197-633<\/p>\n\n\n\n<h2 class=\"wp-block-heading\">X. AVIS DE MODIFICATIONS<\/h2>\n\n\n\n<p>Toute modification de la Politique de protection des donn\u00e9es personnelles de la Soci\u00e9t\u00e9 sera publi\u00e9e sur notre site Internet et en tout autre endroit que nous consid\u00e8rerons cela n\u00e9cessaire.<\/p>\n\n\n\n<div style=\"height:100px\" aria-hidden=\"true\" class=\"wp-block-spacer\"><\/div>\n","protected":false},"excerpt":{"rendered":"<p>POLITIQUE DE PROTECTION DES DONN\u00c9ES PERSONNELLES DE LA SOCI\u00c9T\u00c9 STEGA TISAK d.o.o. Nous, la soci\u00e9t\u00e9 STEGA TISAK d.o.o. (ci-apr\u00e8s : la \u00ab Soci\u00e9t\u00e9 \u00bb) prenons tr\u00e8s au s\u00e9rieux la protection de vos donn\u00e9es personnelles et respectons \u00e0 la lettre les dispositions de la D\u00e9cision (EU) 2016\/679 du Parlement Europ\u00e9en et du conseil de l\u2019Europe en [&hellip;]<\/p>\n","protected":false},"author":1,"featured_media":0,"parent":0,"menu_order":0,"comment_status":"closed","ping_status":"open","template":"","meta":{"_acf_changed":false,"footnotes":""},"class_list":["post-1693","page","type-page","status-publish","hentry"],"acf":[],"yoast_head":"<!-- This site is optimized with the Yoast SEO plugin v27.4 - https:\/\/yoast.com\/product\/yoast-seo-wordpress\/ -->\n<title>POLITIQUE DE PROTECTION DES DONN\u00c9ES PERSONNELLES DE LA SOCI\u00c9T\u00c9 STEGA TISAK d.o.o. - Stega Tisak<\/title>\n<meta name=\"robots\" content=\"index, follow, max-snippet:-1, max-image-preview:large, max-video-preview:-1\" \/>\n<link rel=\"canonical\" href=\"https:\/\/stega-tisak.hr\/fr\/politika-zastite-osobnih-podataka\/\" \/>\n<meta property=\"og:locale\" content=\"fr_FR\" \/>\n<meta property=\"og:type\" content=\"article\" \/>\n<meta property=\"og:title\" content=\"POLITIQUE DE PROTECTION DES DONN\u00c9ES PERSONNELLES DE LA SOCI\u00c9T\u00c9 STEGA TISAK d.o.o. - Stega Tisak\" \/>\n<meta property=\"og:description\" content=\"POLITIQUE DE PROTECTION DES DONN\u00c9ES PERSONNELLES DE LA SOCI\u00c9T\u00c9 STEGA TISAK d.o.o. Nous, la soci\u00e9t\u00e9 STEGA TISAK d.o.o. (ci-apr\u00e8s : la \u00ab Soci\u00e9t\u00e9 \u00bb) prenons tr\u00e8s au s\u00e9rieux la protection de vos donn\u00e9es personnelles et respectons \u00e0 la lettre les dispositions de la D\u00e9cision (EU) 2016\/679 du Parlement Europ\u00e9en et du conseil de l\u2019Europe en [&hellip;]\" \/>\n<meta property=\"og:url\" content=\"https:\/\/stega-tisak.hr\/fr\/politika-zastite-osobnih-podataka\/\" \/>\n<meta property=\"og:site_name\" content=\"Stega Tisak\" \/>\n<meta property=\"article:modified_time\" content=\"2024-03-01T10:12:30+00:00\" \/>\n<meta name=\"twitter:card\" content=\"summary_large_image\" \/>\n<meta name=\"twitter:label1\" content=\"Dur\u00e9e de lecture estim\u00e9e\" \/>\n\t<meta name=\"twitter:data1\" content=\"8 minutes\" \/>\n<script type=\"application\/ld+json\" class=\"yoast-schema-graph\">{\"@context\":\"https:\\\/\\\/schema.org\",\"@graph\":[{\"@type\":\"WebPage\",\"@id\":\"https:\\\/\\\/stega-tisak.hr\\\/fr\\\/politika-zastite-osobnih-podataka\\\/\",\"url\":\"https:\\\/\\\/stega-tisak.hr\\\/fr\\\/politika-zastite-osobnih-podataka\\\/\",\"name\":\"POLITIQUE DE PROTECTION DES DONN\u00c9ES PERSONNELLES DE LA SOCI\u00c9T\u00c9 STEGA TISAK d.o.o. - Stega Tisak\",\"isPartOf\":{\"@id\":\"https:\\\/\\\/stega-tisak.hr\\\/#website\"},\"datePublished\":\"2023-05-22T13:14:06+00:00\",\"dateModified\":\"2024-03-01T10:12:30+00:00\",\"breadcrumb\":{\"@id\":\"https:\\\/\\\/stega-tisak.hr\\\/fr\\\/politika-zastite-osobnih-podataka\\\/#breadcrumb\"},\"inLanguage\":\"fr-FR\",\"potentialAction\":[{\"@type\":\"ReadAction\",\"target\":[\"https:\\\/\\\/stega-tisak.hr\\\/fr\\\/politika-zastite-osobnih-podataka\\\/\"]}]},{\"@type\":\"BreadcrumbList\",\"@id\":\"https:\\\/\\\/stega-tisak.hr\\\/fr\\\/politika-zastite-osobnih-podataka\\\/#breadcrumb\",\"itemListElement\":[{\"@type\":\"ListItem\",\"position\":1,\"name\":\"Home\",\"item\":\"https:\\\/\\\/stega-tisak.hr\\\/fr\\\/\"},{\"@type\":\"ListItem\",\"position\":2,\"name\":\"POLITIQUE DE PROTECTION DES DONN\u00c9ES PERSONNELLES DE LA SOCI\u00c9T\u00c9 STEGA TISAK d.o.o.\"}]},{\"@type\":\"WebSite\",\"@id\":\"https:\\\/\\\/stega-tisak.hr\\\/#website\",\"url\":\"https:\\\/\\\/stega-tisak.hr\\\/\",\"name\":\"Stega Tisak\",\"description\":\"Spoj Tiskarske struke i Genijalnih rje\u0161enja\",\"potentialAction\":[{\"@type\":\"SearchAction\",\"target\":{\"@type\":\"EntryPoint\",\"urlTemplate\":\"https:\\\/\\\/stega-tisak.hr\\\/?s={search_term_string}\"},\"query-input\":{\"@type\":\"PropertyValueSpecification\",\"valueRequired\":true,\"valueName\":\"search_term_string\"}}],\"inLanguage\":\"fr-FR\"}]}<\/script>\n<!-- \/ Yoast SEO plugin. -->","yoast_head_json":{"title":"POLITIQUE DE PROTECTION DES DONN\u00c9ES PERSONNELLES DE LA SOCI\u00c9T\u00c9 STEGA TISAK d.o.o. - Stega Tisak","robots":{"index":"index","follow":"follow","max-snippet":"max-snippet:-1","max-image-preview":"max-image-preview:large","max-video-preview":"max-video-preview:-1"},"canonical":"https:\/\/stega-tisak.hr\/fr\/politika-zastite-osobnih-podataka\/","og_locale":"fr_FR","og_type":"article","og_title":"POLITIQUE DE PROTECTION DES DONN\u00c9ES PERSONNELLES DE LA SOCI\u00c9T\u00c9 STEGA TISAK d.o.o. - Stega Tisak","og_description":"POLITIQUE DE PROTECTION DES DONN\u00c9ES PERSONNELLES DE LA SOCI\u00c9T\u00c9 STEGA TISAK d.o.o. Nous, la soci\u00e9t\u00e9 STEGA TISAK d.o.o. (ci-apr\u00e8s : la \u00ab Soci\u00e9t\u00e9 \u00bb) prenons tr\u00e8s au s\u00e9rieux la protection de vos donn\u00e9es personnelles et respectons \u00e0 la lettre les dispositions de la D\u00e9cision (EU) 2016\/679 du Parlement Europ\u00e9en et du conseil de l\u2019Europe en [&hellip;]","og_url":"https:\/\/stega-tisak.hr\/fr\/politika-zastite-osobnih-podataka\/","og_site_name":"Stega Tisak","article_modified_time":"2024-03-01T10:12:30+00:00","twitter_card":"summary_large_image","twitter_misc":{"Dur\u00e9e de lecture estim\u00e9e":"8 minutes"},"schema":{"@context":"https:\/\/schema.org","@graph":[{"@type":"WebPage","@id":"https:\/\/stega-tisak.hr\/fr\/politika-zastite-osobnih-podataka\/","url":"https:\/\/stega-tisak.hr\/fr\/politika-zastite-osobnih-podataka\/","name":"POLITIQUE DE PROTECTION DES DONN\u00c9ES PERSONNELLES DE LA SOCI\u00c9T\u00c9 STEGA TISAK d.o.o. - Stega Tisak","isPartOf":{"@id":"https:\/\/stega-tisak.hr\/#website"},"datePublished":"2023-05-22T13:14:06+00:00","dateModified":"2024-03-01T10:12:30+00:00","breadcrumb":{"@id":"https:\/\/stega-tisak.hr\/fr\/politika-zastite-osobnih-podataka\/#breadcrumb"},"inLanguage":"fr-FR","potentialAction":[{"@type":"ReadAction","target":["https:\/\/stega-tisak.hr\/fr\/politika-zastite-osobnih-podataka\/"]}]},{"@type":"BreadcrumbList","@id":"https:\/\/stega-tisak.hr\/fr\/politika-zastite-osobnih-podataka\/#breadcrumb","itemListElement":[{"@type":"ListItem","position":1,"name":"Home","item":"https:\/\/stega-tisak.hr\/fr\/"},{"@type":"ListItem","position":2,"name":"POLITIQUE DE PROTECTION DES DONN\u00c9ES PERSONNELLES DE LA SOCI\u00c9T\u00c9 STEGA TISAK d.o.o."}]},{"@type":"WebSite","@id":"https:\/\/stega-tisak.hr\/#website","url":"https:\/\/stega-tisak.hr\/","name":"Stega Tisak","description":"Spoj Tiskarske struke i Genijalnih rje\u0161enja","potentialAction":[{"@type":"SearchAction","target":{"@type":"EntryPoint","urlTemplate":"https:\/\/stega-tisak.hr\/?s={search_term_string}"},"query-input":{"@type":"PropertyValueSpecification","valueRequired":true,"valueName":"search_term_string"}}],"inLanguage":"fr-FR"}]}},"_links":{"self":[{"href":"https:\/\/stega-tisak.hr\/fr\/wp-json\/wp\/v2\/pages\/1693","targetHints":{"allow":["GET"]}}],"collection":[{"href":"https:\/\/stega-tisak.hr\/fr\/wp-json\/wp\/v2\/pages"}],"about":[{"href":"https:\/\/stega-tisak.hr\/fr\/wp-json\/wp\/v2\/types\/page"}],"author":[{"embeddable":true,"href":"https:\/\/stega-tisak.hr\/fr\/wp-json\/wp\/v2\/users\/1"}],"replies":[{"embeddable":true,"href":"https:\/\/stega-tisak.hr\/fr\/wp-json\/wp\/v2\/comments?post=1693"}],"version-history":[{"count":1,"href":"https:\/\/stega-tisak.hr\/fr\/wp-json\/wp\/v2\/pages\/1693\/revisions"}],"predecessor-version":[{"id":1807,"href":"https:\/\/stega-tisak.hr\/fr\/wp-json\/wp\/v2\/pages\/1693\/revisions\/1807"}],"wp:attachment":[{"href":"https:\/\/stega-tisak.hr\/fr\/wp-json\/wp\/v2\/media?parent=1693"}],"curies":[{"name":"wp","href":"https:\/\/api.w.org\/{rel}","templated":true}]}}